{"id":76,"date":"2021-11-14T17:27:58","date_gmt":"2021-11-14T17:27:58","guid":{"rendered":"https:\/\/flatsofdreams.at\/?page_id=76"},"modified":"2026-05-01T14:16:09","modified_gmt":"2026-05-01T14:16:09","slug":"amy","status":"publish","type":"page","link":"https:\/\/flatsofdreams.at\/?page_id=76","title":{"rendered":"AMY"},"content":{"rendered":"\n<div class=\"wp-block-columns is-layout-flex wp-container-core-columns-is-layout-1 wp-block-columns-is-layout-flex\">\n<div class=\"wp-block-column is-layout-flow wp-block-column-is-layout-flow\"><div class=\"wp-block-image\">\n<figure class=\"alignright size-large is-resized\"><img loading=\"lazy\" decoding=\"async\" width=\"683\" height=\"1024\" src=\"http:\/\/flatsofdreams.at\/wp-content\/uploads\/2025\/05\/IMG_0320-HP-1-683x1024.jpg\" alt=\"\" class=\"wp-image-604\" style=\"width:217px;height:auto\" srcset=\"https:\/\/flatsofdreams.at\/wp-content\/uploads\/2025\/05\/IMG_0320-HP-1-683x1024.jpg 683w, https:\/\/flatsofdreams.at\/wp-content\/uploads\/2025\/05\/IMG_0320-HP-1-200x300.jpg 200w, https:\/\/flatsofdreams.at\/wp-content\/uploads\/2025\/05\/IMG_0320-HP-1-768x1152.jpg 768w, https:\/\/flatsofdreams.at\/wp-content\/uploads\/2025\/05\/IMG_0320-HP-1-1024x1536.jpg 1024w, https:\/\/flatsofdreams.at\/wp-content\/uploads\/2025\/05\/IMG_0320-HP-1-1365x2048.jpg 1365w, https:\/\/flatsofdreams.at\/wp-content\/uploads\/2025\/05\/IMG_0320-HP-1-1360x2040.jpg 1360w, https:\/\/flatsofdreams.at\/wp-content\/uploads\/2025\/05\/IMG_0320-HP-1-scaled.jpg 1707w\" sizes=\"(max-width: 683px) 100vw, 683px\" \/><figcaption class=\"wp-element-caption\"><strong><mark style=\"background-color:rgba(0, 0, 0, 0)\" class=\"has-inline-color has-black-color\">geb. 24.03.2021<\/mark><\/strong><\/figcaption><\/figure><\/div>\n\n\n<h2 class=\"wp-block-heading\"><strong>SKJCH SKCH Gillian\u00b4s Choice That\u00b4s Takoda<\/strong><\/h2>\n<\/div>\n<\/div>\n\n\n\n<p class=\"has-large-font-size\"><\/p>\n\n\n\n<p><em>&#8222;Ein Flat Coated Retriever ist nicht einfach nur ein Hund \u2013 er ist ein Versprechen, niemals einsam zu sein.&#8220;<\/em><\/p>\n\n\n\n<p><strong>Amy<\/strong> ist f\u00fcr mich etwas ganz Besonderes. Die Entscheidung f\u00fcr sie fiel damals spontan, und heute kann ich mir mein Leben ohne sie nicht mehr vorstellen. Sie ist mein wahrer <strong>\u201eSchatten\u201c<\/strong> \u2013 wo ich bin, da ist auch sie. Ich bin der Z\u00fcchterin Elisabeth Wolfsgruber unendlich dankbar f\u00fcr das Vertrauen, mir diese wundervolle H\u00fcndin anzuvertrauen.<\/p>\n\n\n\n<p>Amy wuchs in unserem bunten Rudel mit H\u00fcndin Cheyenne, ihrem Halbbruder Milo und unseren drei Katzen auf. Sie ist eine sehr <strong>sensible und feinf\u00fchlige H\u00fcndin<\/strong>, die eine tiefe Verbindung zu ihren Menschen sucht. Wenn es Zeit zum Kuscheln ist, ist Amy die Erste, die parat steht.<\/p>\n\n\n\n<p>Im Training zeigt sie ihr typisches Flat-Coated-Temperament:<\/p>\n\n\n\n<ul>\n<li><strong>Will-to-please:<\/strong> Ihr ausgepr\u00e4gter Arbeitswille macht es mir leicht, ihr Neues beizubringen.<\/li>\n\n\n\n<li><strong>Dummyarbeit:<\/strong> Besonders der Dummylauncher hat es ihr angetan \u2013 hier zeigt sie ihre Schnelligkeit und Passion.<\/li>\n\n\n\n<li><strong>Showring:<\/strong> Amy wei\u00df sich zu pr\u00e4sentieren! Im Ausstellungsring gibt sie immer alles und besticht durch ihre Eleganz.<\/li>\n<\/ul>\n\n\n\n<p>Mein Wunsch, mit Amy eine Zucht aufzubauen, hat sich bereits auf wundervolle Weise erf\u00fcllt. Sie ist die <strong>stolze Mutter meines A- und B-Wurfes<\/strong>. Es war ein unbeschreibliches Erlebnis zu sehen, mit welcher Instinktsicherheit und Liebe sie ihre Welpen gro\u00dfgezogen hat. Sie ist nicht nur die Stammh\u00fcndin meiner Zucht, sondern das Herzst\u00fcck meines Rudels.<\/p>\n\n\n\n<div class=\"wp-block-buttons is-content-justification-center is-layout-flex wp-container-core-buttons-is-layout-1 wp-block-buttons-is-layout-flex\">\n<div class=\"wp-block-button\"><a class=\"wp-block-button__link has-text-align-center wp-element-button\" href=\"https:\/\/flatsofdreams.at\/?page_id=244\">Bilder<\/a><\/div>\n<\/div>\n\n\n\n<p><strong>GESUNDHEIT<\/strong>:<br>Patella frei, Augen inkl. Gonio frei<br>HD A, ED 0, OCD frei<br>05.01.2023 Zuchtzulassung vom \u00d6RC<br>BbEE tr\u00e4gt liver (braun) kein gelb<\/p>\n\n\n\n<p><strong>WORK<\/strong>:<br>15.05.2022 Zuchttauglichkeitsfeststellung bestanden<\/p>\n\n\n\n<p><strong>SHOW<\/strong>:<br>30.10.2022 Danube CACIB Bratislava (SK) V1, CAC, Zwischenklasse<br>29.10.2022 Danube CACIB Bratislava (SK) V1, CAC, res. CACIB, Zwischenklasse<br>02.10.2022 IHA Tulln SG, Zwischenklasse<br>01.10.2022 IHA Tulln V, Zwischenklasse<br>30.09.2022 IHA Tulln SG, Zwischenklasse<br>02.09.2022 CACIB Danube Bratislava (SK) V1, JBOB, CAJC, Jugendklasse<br>24.07.2022 IHA Klagenfurt V2, Jugendklasse<br>23.07.2022 IHA Klagenfurt SG4, Jugendklasse<br>12.06.2022 Dog Expo Nitra (SK) SG2, Jugendklasse<br>11.6.2022 Dog Expo Nitra (SK) V3, Jugendklasse<br>05.05.2022 IDS Nitra (SK) V2, Jugendklasse<br>10.04.2022 IHA Salzburg V2, Jugendklasse<br>09.04.2022 IHA Salzburg V4, Jugendklasse<br>03.04.2022 Springduo Nitra (SK) V1, JBOB,CAJC, Slowakischer Jugendsieger, Jugendklasse<br>02.04.2022 Springduo Nitra (SK) V1, JBOB, CAJC, Jugendklasse<br>06.03.2022 Clubsiegerschau Oberwaltersdorf V4, Jugendklasse<br>05.03.2022 Clubsiegerschau Oberwaltersdorf SG3, Jugendklasse<br>30.01.2022 CSS Wieselburg V3 Jugendklasse<br>29.01.2022 CSS Wieselburg V1, JB, JBOB, Clubjugendsieger Jugendklasse <br>14.11.2021 IHA Tulln VV1 J\u00fcngstenklasse <br> 13.11.2021 IHA Tulln VV1 J\u00fcngstenklasse<br> 02.10.2021 Retrieverfestival Schloss Grafenegg VV2 J\u00fcngstenklasse<br> 14.08.2021 Clubsiegershow Stift G\u00f6ttweig VV3 Welpenklasse<\/p>\n\n\n\n<p><strong>PEDIGREE:<\/strong><\/p>\n\n\n\n<figure class=\"wp-block-image size-large\"><img loading=\"lazy\" decoding=\"async\" width=\"1024\" height=\"605\" src=\"https:\/\/flatsofdreams.at\/wp-content\/uploads\/2025\/01\/Ahnentafel-1024x605.jpg\" alt=\"\" class=\"wp-image-393\" srcset=\"https:\/\/flatsofdreams.at\/wp-content\/uploads\/2025\/01\/Ahnentafel-1024x605.jpg 1024w, https:\/\/flatsofdreams.at\/wp-content\/uploads\/2025\/01\/Ahnentafel-300x177.jpg 300w, https:\/\/flatsofdreams.at\/wp-content\/uploads\/2025\/01\/Ahnentafel-768x454.jpg 768w, https:\/\/flatsofdreams.at\/wp-content\/uploads\/2025\/01\/Ahnentafel.jpg 1349w\" sizes=\"(max-width: 1024px) 100vw, 1024px\" \/><\/figure>\n","protected":false},"excerpt":{"rendered":"<p>SKJCH SKCH Gillian\u00b4s Choice That\u00b4s Takoda &#8222;Ein Flat Coated Retriever ist nicht einfach nur ein Hund \u2013 er ist ein Versprechen, niemals einsam zu sein.&#8220; Amy ist f\u00fcr mich etwas ganz Besonderes. Die Entscheidung f\u00fcr&hellip;<\/p>\n","protected":false},"author":2,"featured_media":0,"parent":20,"menu_order":1,"comment_status":"closed","ping_status":"closed","template":"","meta":{"footnotes":""},"_links":{"self":[{"href":"https:\/\/flatsofdreams.at\/index.php?rest_route=\/wp\/v2\/pages\/76"}],"collection":[{"href":"https:\/\/flatsofdreams.at\/index.php?rest_route=\/wp\/v2\/pages"}],"about":[{"href":"https:\/\/flatsofdreams.at\/index.php?rest_route=\/wp\/v2\/types\/page"}],"author":[{"embeddable":true,"href":"https:\/\/flatsofdreams.at\/index.php?rest_route=\/wp\/v2\/users\/2"}],"replies":[{"embeddable":true,"href":"https:\/\/flatsofdreams.at\/index.php?rest_route=%2Fwp%2Fv2%2Fcomments&post=76"}],"version-history":[{"count":23,"href":"https:\/\/flatsofdreams.at\/index.php?rest_route=\/wp\/v2\/pages\/76\/revisions"}],"predecessor-version":[{"id":787,"href":"https:\/\/flatsofdreams.at\/index.php?rest_route=\/wp\/v2\/pages\/76\/revisions\/787"}],"up":[{"embeddable":true,"href":"https:\/\/flatsofdreams.at\/index.php?rest_route=\/wp\/v2\/pages\/20"}],"wp:attachment":[{"href":"https:\/\/flatsofdreams.at\/index.php?rest_route=%2Fwp%2Fv2%2Fmedia&parent=76"}],"curies":[{"name":"wp","href":"https:\/\/api.w.org\/{rel}","templated":true}]}}