{"id":742,"date":"2026-03-25T15:58:02","date_gmt":"2026-03-25T15:58:02","guid":{"rendered":"https:\/\/flatsofdreams.at\/?page_id=742"},"modified":"2026-05-01T15:25:44","modified_gmt":"2026-05-01T15:25:44","slug":"b-wurf","status":"publish","type":"page","link":"https:\/\/flatsofdreams.at\/?page_id=742","title":{"rendered":"B-Wurf"},"content":{"rendered":"\n<p class=\"has-large-font-size\">Willkommen im Leben \u2013 Mein B-Wurf ist gelandet!<\/p>\n\n\n\n<div class=\"wp-block-media-text alignfull is-stacked-on-mobile\" style=\"grid-template-columns:46% auto\"><figure class=\"wp-block-media-text__media\"><img loading=\"lazy\" decoding=\"async\" width=\"1024\" height=\"771\" src=\"http:\/\/flatsofdreams.at\/wp-content\/uploads\/2026\/03\/PXL_20260323_144534402-1024x771.jpg\" alt=\"\" class=\"wp-image-743 size-full\" srcset=\"https:\/\/flatsofdreams.at\/wp-content\/uploads\/2026\/03\/PXL_20260323_144534402-1024x771.jpg 1024w, https:\/\/flatsofdreams.at\/wp-content\/uploads\/2026\/03\/PXL_20260323_144534402-300x226.jpg 300w, https:\/\/flatsofdreams.at\/wp-content\/uploads\/2026\/03\/PXL_20260323_144534402-768x579.jpg 768w, https:\/\/flatsofdreams.at\/wp-content\/uploads\/2026\/03\/PXL_20260323_144534402.jpg 1224w\" sizes=\"(max-width: 1024px) 100vw, 1024px\" \/><\/figure><div class=\"wp-block-media-text__content\">\n<p>Ich bin immer noch ganz bewegt von den Ereignissen der letzten Tage. Am <strong>22.03.2026<\/strong> hat meine tapfere <strong>Amy<\/strong> innerhalb von nur sechs Stunden sieben kleinen Wundern das Leben geschenkt. Es war eine instinktsichere und harmonische Geburt, und ich bin unendlich stolz darauf, wie souver\u00e4n Amy ihre neue Rolle als Mama meistert.<\/p>\n\n\n\n<p>Alle sieben Zwerge sind gesund, munter und haben bereits ihre ersten Mahlzeiten bei Mama genossen. Wir haben eine wundersch\u00f6ne Farbmischung in der Wurfkiste:<\/p>\n\n\n\n<ul>\n<li><strong>4 H\u00fcndinnen:<\/strong> 1x Schwarz &amp; 3x Braun<\/li>\n\n\n\n<li><strong>3 R\u00fcden:<\/strong> 2x Schwarz &amp; 1x Braun<\/li>\n<\/ul>\n<\/div><\/div>\n\n\n\n<figure class=\"wp-block-table\"><table><tbody><tr><td><\/td><td>Uhrzeit<\/td><td>Geburtsgewicht<\/td><td>Gewicht 8 Wochen<\/td><\/tr><tr><td>R\u00dc blau (schwarz)<\/td><td>5:06<\/td><td>490g<\/td><td><\/td><\/tr><tr><td>R\u00dc gr\u00fcn (schwarz)<\/td><td>5:40<\/td><td>496g<\/td><td><\/td><\/tr><tr><td>H\u00dc rosa (schwarz)<\/td><td>6:12<\/td><td>532g<\/td><td><\/td><\/tr><tr><td>R\u00dc ohne (braun)<\/td><td>7:15<\/td><td>452g<\/td><td><\/td><\/tr><tr><td>H\u00dc lila (braun)<\/td><td>9:24<\/td><td>446g<\/td><td><\/td><\/tr><tr><td>H\u00dc rot (braun)<\/td><td>9:35<\/td><td>456g<\/td><td><\/td><\/tr><tr><td>H\u00dc gelb (braun)<\/td><td>11:06<\/td><td>436g<\/td><td><\/td><\/tr><\/tbody><\/table><figcaption class=\"wp-element-caption\">22.03.2026<\/figcaption><\/figure>\n\n\n\n<figure class=\"wp-block-image size-large\"><img loading=\"lazy\" decoding=\"async\" width=\"1024\" height=\"536\" src=\"https:\/\/flatsofdreams.at\/wp-content\/uploads\/2026\/03\/Ahnentafel-1-1024x536.png\" alt=\"\" class=\"wp-image-750\" srcset=\"https:\/\/flatsofdreams.at\/wp-content\/uploads\/2026\/03\/Ahnentafel-1-1024x536.png 1024w, https:\/\/flatsofdreams.at\/wp-content\/uploads\/2026\/03\/Ahnentafel-1-300x157.png 300w, https:\/\/flatsofdreams.at\/wp-content\/uploads\/2026\/03\/Ahnentafel-1-768x402.png 768w, https:\/\/flatsofdreams.at\/wp-content\/uploads\/2026\/03\/Ahnentafel-1-1536x804.png 1536w, https:\/\/flatsofdreams.at\/wp-content\/uploads\/2026\/03\/Ahnentafel-1-1360x712.png 1360w, https:\/\/flatsofdreams.at\/wp-content\/uploads\/2026\/03\/Ahnentafel-1.png 1547w\" sizes=\"(max-width: 1024px) 100vw, 1024px\" \/><\/figure>\n","protected":false},"excerpt":{"rendered":"<p>Willkommen im Leben \u2013 Mein B-Wurf ist gelandet! Uhrzeit Geburtsgewicht Gewicht 8 Wochen R\u00dc blau (schwarz) 5:06 490g R\u00dc gr\u00fcn (schwarz) 5:40 496g H\u00dc rosa (schwarz) 6:12 532g R\u00dc ohne (braun) 7:15 452g H\u00dc lila&hellip;<\/p>\n","protected":false},"author":2,"featured_media":0,"parent":120,"menu_order":0,"comment_status":"closed","ping_status":"closed","template":"","meta":{"footnotes":""},"_links":{"self":[{"href":"https:\/\/flatsofdreams.at\/index.php?rest_route=\/wp\/v2\/pages\/742"}],"collection":[{"href":"https:\/\/flatsofdreams.at\/index.php?rest_route=\/wp\/v2\/pages"}],"about":[{"href":"https:\/\/flatsofdreams.at\/index.php?rest_route=\/wp\/v2\/types\/page"}],"author":[{"embeddable":true,"href":"https:\/\/flatsofdreams.at\/index.php?rest_route=\/wp\/v2\/users\/2"}],"replies":[{"embeddable":true,"href":"https:\/\/flatsofdreams.at\/index.php?rest_route=%2Fwp%2Fv2%2Fcomments&post=742"}],"version-history":[{"count":3,"href":"https:\/\/flatsofdreams.at\/index.php?rest_route=\/wp\/v2\/pages\/742\/revisions"}],"predecessor-version":[{"id":807,"href":"https:\/\/flatsofdreams.at\/index.php?rest_route=\/wp\/v2\/pages\/742\/revisions\/807"}],"up":[{"embeddable":true,"href":"https:\/\/flatsofdreams.at\/index.php?rest_route=\/wp\/v2\/pages\/120"}],"wp:attachment":[{"href":"https:\/\/flatsofdreams.at\/index.php?rest_route=%2Fwp%2Fv2%2Fmedia&parent=742"}],"curies":[{"name":"wp","href":"https:\/\/api.w.org\/{rel}","templated":true}]}}