{"id":658,"date":"2025-08-21T17:50:52","date_gmt":"2025-08-21T17:50:52","guid":{"rendered":"https:\/\/flatsofdreams.at\/?page_id=658"},"modified":"2026-05-01T15:13:05","modified_gmt":"2026-05-01T15:13:05","slug":"wurfplanung-litter-planning","status":"publish","type":"page","link":"https:\/\/flatsofdreams.at\/?page_id=658","title":{"rendered":"Wurfplanung\/Litter Planning"},"content":{"rendered":"\n<div class=\"wp-block-columns is-layout-flex wp-container-core-columns-is-layout-1 wp-block-columns-is-layout-flex\">\n<div class=\"wp-block-column is-layout-flow wp-block-column-is-layout-flow\"><div class=\"wp-block-image\">\n<figure class=\"alignright size-full is-resized\"><img loading=\"lazy\" decoding=\"async\" width=\"634\" height=\"865\" src=\"https:\/\/flatsofdreams.at\/wp-content\/uploads\/2026\/05\/PXL_20250912_080753846.MP2_.jpg\" alt=\"\" class=\"wp-image-803\" style=\"width:378px;height:auto\" srcset=\"https:\/\/flatsofdreams.at\/wp-content\/uploads\/2026\/05\/PXL_20250912_080753846.MP2_.jpg 634w, https:\/\/flatsofdreams.at\/wp-content\/uploads\/2026\/05\/PXL_20250912_080753846.MP2_-220x300.jpg 220w\" sizes=\"(max-width: 634px) 100vw, 634px\" \/><\/figure><\/div>\n\n\n<h2 class=\"wp-block-heading\">Wurfplanung Fr\u00fchjahr 2027: <\/h2>\n\n\n\n<h2 class=\"wp-block-heading\">Dina &amp; Milo <\/h2>\n<\/div>\n<\/div>\n\n\n\n<p>Ich blicke voller Vorfreude auf das Fr\u00fchjahr 2027! F\u00fcr diesen Zeitraum plane ich einen ganz besonderen Wurf aus der Verpaarung von <a href=\"https:\/\/flatsofdreams.at\/?page_id=378\" data-type=\"page\" data-id=\"378\"><strong>Dina<\/strong> <\/a>und <strong><a href=\"https:\/\/flatsofdreams.at\/?page_id=41\" data-type=\"page\" data-id=\"41\">Milo<\/a><\/strong>.<\/p>\n\n\n\n<p>Diese Verbindung liegt mir besonders am Herzen, da beide Hunde nicht nur im Alltag ein harmonisches Team bilden, sondern sich auch in ihren Eigenschaften hervorragend erg\u00e4nzen. Sowohl Dina als auch Milo verf\u00fcgen \u00fcber die offizielle Zuchtzulassung des <strong>\u00d6RC (\u00d6KV\/FCI)<\/strong> und bringen erstklassige Gesundheitswerte sowie den rassetypischen Charakter mit.<\/p>\n\n\n\n<p>Mit diesem Wurf m\u00f6chte ich gesunde und wesensstarke Flat-Coated Retriever aufziehen, die das Beste ihrer Eltern vereinen. Ich erwarte Welpen mit:<\/p>\n\n\n\n<ul>\n<li><strong>Dinas Freude und Lernwillen<\/strong><\/li>\n\n\n\n<li><strong>Milos Charme und ausgepr\u00e4gtem Arbeitsinstinkt<\/strong><\/li>\n<\/ul>\n\n\n\n<p>Ich erhoffe mir typvolle Hunde, die durch ihre Vielseitigkeit \u00fcberzeugen \u2013 ob als passionierte Partner bei der Arbeit oder als treue Begleiter im Familienalltag.<\/p>\n\n\n\n<p><strong>Interesse an einem Welpen?<\/strong> Da mir der Kontakt zu den zuk\u00fcnftigen Welpenbesitzern sehr wichtig ist, freue ich mich \u00fcber eine fr\u00fchzeitige <a href=\"https:\/\/flatsofdreams.at\/?page_id=24\" data-type=\"page\" data-id=\"24\">Kontaktaufnahme<\/a>. <\/p>\n\n\n\n<p>Gerne vereinbaren wir schon jetzt Termine f\u00fcr ein erstes Kennenlernen.<\/p>\n\n\n\n<figure class=\"wp-block-image size-large\"><img loading=\"lazy\" decoding=\"async\" width=\"1024\" height=\"686\" src=\"http:\/\/flatsofdreams.at\/wp-content\/uploads\/2025\/05\/Web-1024x686.jpg\" alt=\"\" class=\"wp-image-616\" srcset=\"https:\/\/flatsofdreams.at\/wp-content\/uploads\/2025\/05\/Web-1024x686.jpg 1024w, https:\/\/flatsofdreams.at\/wp-content\/uploads\/2025\/05\/Web-300x201.jpg 300w, https:\/\/flatsofdreams.at\/wp-content\/uploads\/2025\/05\/Web-768x514.jpg 768w, https:\/\/flatsofdreams.at\/wp-content\/uploads\/2025\/05\/Web.jpg 1162w\" sizes=\"(max-width: 1024px) 100vw, 1024px\" \/><\/figure>\n","protected":false},"excerpt":{"rendered":"<p>Wurfplanung Fr\u00fchjahr 2027: Dina &amp; Milo Ich blicke voller Vorfreude auf das Fr\u00fchjahr 2027! F\u00fcr diesen Zeitraum plane ich einen ganz besonderen Wurf aus der Verpaarung von Dina und Milo. Diese Verbindung liegt mir besonders&hellip;<\/p>\n","protected":false},"author":2,"featured_media":0,"parent":0,"menu_order":0,"comment_status":"closed","ping_status":"closed","template":"","meta":{"footnotes":""},"_links":{"self":[{"href":"https:\/\/flatsofdreams.at\/index.php?rest_route=\/wp\/v2\/pages\/658"}],"collection":[{"href":"https:\/\/flatsofdreams.at\/index.php?rest_route=\/wp\/v2\/pages"}],"about":[{"href":"https:\/\/flatsofdreams.at\/index.php?rest_route=\/wp\/v2\/types\/page"}],"author":[{"embeddable":true,"href":"https:\/\/flatsofdreams.at\/index.php?rest_route=\/wp\/v2\/users\/2"}],"replies":[{"embeddable":true,"href":"https:\/\/flatsofdreams.at\/index.php?rest_route=%2Fwp%2Fv2%2Fcomments&post=658"}],"version-history":[{"count":5,"href":"https:\/\/flatsofdreams.at\/index.php?rest_route=\/wp\/v2\/pages\/658\/revisions"}],"predecessor-version":[{"id":804,"href":"https:\/\/flatsofdreams.at\/index.php?rest_route=\/wp\/v2\/pages\/658\/revisions\/804"}],"wp:attachment":[{"href":"https:\/\/flatsofdreams.at\/index.php?rest_route=%2Fwp%2Fv2%2Fmedia&parent=658"}],"curies":[{"name":"wp","href":"https:\/\/api.w.org\/{rel}","templated":true}]}}