{"id":62,"date":"2021-11-14T16:44:21","date_gmt":"2021-11-14T16:44:21","guid":{"rendered":"https:\/\/flatsofdreams.at\/?page_id=62"},"modified":"2022-12-04T11:07:44","modified_gmt":"2022-12-04T11:07:44","slug":"rassestandard","status":"publish","type":"page","link":"https:\/\/flatsofdreams.at\/?page_id=62","title":{"rendered":"Rassestandard"},"content":{"rendered":"\n<p><strong>URSPRUNG <\/strong>: Gro\u03b2britannien.<br><strong>VERWENDUNG <\/strong>: Apportierhund zur Flintenjagd.<br><strong>KLASSIFIKATION FCI<\/strong>: Gruppe 8 Apportierhunde, St\u00f6berhunde,<br>Wasserhunde. Sektion 1 Apportierhunde. Mit Arbeitspr\u00fcfung.<br><strong>ALLGEMEINES ERSCHEINUNGSBILD<\/strong> : Ein aufgeweckter,<br>reger Hund von mittlerer Gr\u00f6sse mit intelligentem Ausdruck, zeigt<br>Kraft ohne schwerf\u00e4llig zu wirken, zeigt Rasse ohne dabei<br>schm\u00e4chtig zu sein.<br><strong>VERHALTEN \/ CHARAKTER (WESEN)<\/strong> : Rundherum ausgestattet mit den nat\u00fcrlichen Eigenschaften eines Jagdhundes; Optimismus und Freundlichkeit wird durch enthusiastische<br>Rutenbewegung demonstriert. Selbstsicher und freundlich.<br><strong>KOPF <\/strong>: Lang und gut geformt.<br><strong>OBERKOPF <\/strong>: Sch\u00e4del : Flach bei mittlerer Breite.<br><strong>Stopp <\/strong>: Leichter Stopp in Augenh\u00f6he, dabei in keiner Weise betont, so<br>dass eine Konvergenz oder eine Divergenz nicht zu erkennen ist.<br><strong>GESICHTSSCH\u00c4DEL <\/strong>: Nase: Von guter Gr\u00f6sse, mit gut ge\u00f6ffneten<br>Nasenl\u00f6chern.<br><strong>Kiefer \/ Z\u00e4hne<\/strong> : Kiefer lang und kr\u00e4ftig, dadurch imstande Hasen<br>oder Fasane zu tragen.<br>Mit einem perfekten regelm\u00e4\u03b2igen und vollst\u00e4ndigen Scherengebiss,<br>wobei die obere Schneidezahnreihe ohne Zwischenraum \u00fcber die<br>untere greift und die Z\u00e4hne senkrecht im Kiefer stehen.<br><strong>Augen <\/strong>: Mittelgro\u03b2, dunkelbraun oder haselnussbraun, mit sehr<br>intelligentem Ausdruck (ein rundes, hervorstehendes Auge ist h\u00f6chst<br>unerw\u00fcnscht). Nicht schr\u00e4g eingesetzt.<br><strong>Ohren <\/strong>: Klein und gut angesetzt, dicht seitlich am Kopf getragen.<br><strong>HALS <\/strong>: Kopf gut auf dem Hals sitzend, wobei der Hals ziemlich<br>lang und trocken sein muss, symmetrisch und schr\u00e4g in der Schulter<br>sitzend, dabei gut in den R\u00fccken \u00fcbergehend, um ein leichtes Suchen<br>der Spur zu erm\u00f6glichen.<br><strong>K\u00d6RPER <\/strong>: <\/p>\n\n\n\n<p><strong>Lenden <\/strong>: Kurz und breit. Eine lange Lendenpartie ist h\u00f6chst<br>unerw\u00fcnscht.<br><strong>Brust <\/strong>: Tief und ziemlich breit mit deutlich ausgepr\u00e4gtem Brustbein.<br>Die vordere Rippenpartie ist eher flach. Der K\u00f6rper zeigt einen guten<br>Rippenkorb, der sich erst allm\u00e4hlich w\u00f6lbt, dann in der Mitte<br>deutlich gew\u00f6lbt ist und zur Hinterhand in der W\u00f6lbung abnimmt.<br><strong>RUTE <\/strong>: Kurz, gerade und gut angesetzt, fr\u00f6hlich, jedoch niemals<br>wesentlich \u00fcber der R\u00fcckenlinie getragen.<br><strong>GLIEDMASSEN<\/strong><br><strong>VORDERHAND <\/strong>:<br>Allgemeines: Vorderla\u00fcfe gerade, mit Knochen von insgesamt guter<br>Qualit\u00e4t.<br>Ellenbogen: Sie bewegen sich frei und regelm\u00e4ssig an der Brust<br>vorbei.<br>Vorderpfoten : Rund und kr\u00e4ftig mit eng aneinanderliegenden und<br>gut aufgekn\u00f6chelten Zehen. Ballen dick und kr\u00e4ftig.<br><strong>HINTERHAND <\/strong>:<br>Allgemeines : Muskul\u00f6s. Die Hinterl\u00e4ufe sollen im Stand parallel<br>und gerade sein.<br>Knie : Nicht \u00fcbertrieben gewinkelt.<br>Sprunggelenke : Nicht \u00fcbertrieben gewinkelt, tief stehend.<br>Kuhhessigkeit h\u00f6chst unerw\u00fcnscht.<br>Hinterpfoten : Rund und kr\u00e4ftig mit eng aneinanderliegenden und<br>gut aufgekn\u00f6chelten Zehen. Ballen dick und kr\u00e4ftig.<br><strong>GANGWERK <\/strong>: Frei und fliessend, gerade und parallel, sowohl von<br>vorne als auch von hinten gesehen.<br><strong>HAARKLEID<\/strong><br>Haar : Dicht, von feiner bis mittelstarker Textur und guter Qualit\u00e4t,<br>so glatt wie m\u00f6glich. L\u00e4ufe und Rute gut befedert. Eine vollst\u00e4ndige<br>Befederung unterstreicht die Eleganz eines erwachsenen guten<br>Hundes.<br><strong>Farbe <\/strong>: Nur schwarz oder leberbraun.<br><strong>GR\u00d6SSE UND GEWICHT<\/strong> :<br>Erw\u00fcnschtes Gewicht bei harter Kondition: <\/p>\n\n\n\n<p>R\u00fcde 25 bis 35 kg, <\/p>\n\n\n\n<p>H\u00fcndinnen 25 bis 34 kg. <\/p>\n\n\n\n<p>Erw\u00fcnschte Schulterh\u00f6he:<\/p>\n\n\n\n<p>R\u00fcden 58 bis 61 cm, <\/p>\n\n\n\n<p>H\u00fcndinnen 56 bis 59 cm.<br>FEHLER : Jede Abweichung von den vorgenannten Punkten muss<br>als Fehler angesehen werden, dessen Bewertung in genauem<br>Verh\u00e4ltnis zum Grad der Abweichung stehen sollte und dessen<br>Einfluss auf die Gesundheit und das Wohlbefinden des Hundes und<br>seine F\u00e4higkeit, die verlangte rassetypische Arbeit zu erbringen,<br>zu beachten ist.<br>DISQUALIFIZIERENDE FEHLER :<br>\u2022 Aggressive oder \u00fcberm\u00e4ssig \u00e4ngstliche Hunde.<br>FCI-St. Nr. 121 \/ 03. 02. 2010<br>5<br>\u2022 Hunde, die deutlich physische Abnormalit\u00e4ten oder<br>Verhaltensst\u00f6rungen aufweisen, m\u00fcssen disqualifiziert<br>werden.<br>N.B.<br>\u2022 R\u00fcden m\u00fcssen zwei offensichtlich normal entwickelte Hoden<br>aufweisen, die sich vollst\u00e4ndig im Hodensack befinden.<br>\u2022 Zur Zucht sollen ausschlie\u00dflich funktional und klinisch<br>gesunde, rassetypische Hunde verwendet werden.<\/p>\n\n\n\n<p>DATUM DER PUBLIKATION DES G\u00dcLTIGEN<br>OFFIZIELLEN STANDARDS : 28. 07. 2009.<\/p>\n","protected":false},"excerpt":{"rendered":"<p>URSPRUNG : Gro\u03b2britannien.VERWENDUNG : Apportierhund zur Flintenjagd.KLASSIFIKATION FCI: Gruppe 8 Apportierhunde, St\u00f6berhunde,Wasserhunde. Sektion 1 Apportierhunde. Mit Arbeitspr\u00fcfung.ALLGEMEINES ERSCHEINUNGSBILD : Ein aufgeweckter,reger Hund von mittlerer Gr\u00f6sse mit intelligentem Ausdruck, zeigtKraft ohne schwerf\u00e4llig zu wirken, zeigt Rasse&hellip;<\/p>\n","protected":false},"author":2,"featured_media":0,"parent":0,"menu_order":5,"comment_status":"closed","ping_status":"closed","template":"","meta":{"footnotes":""},"_links":{"self":[{"href":"https:\/\/flatsofdreams.at\/index.php?rest_route=\/wp\/v2\/pages\/62"}],"collection":[{"href":"https:\/\/flatsofdreams.at\/index.php?rest_route=\/wp\/v2\/pages"}],"about":[{"href":"https:\/\/flatsofdreams.at\/index.php?rest_route=\/wp\/v2\/types\/page"}],"author":[{"embeddable":true,"href":"https:\/\/flatsofdreams.at\/index.php?rest_route=\/wp\/v2\/users\/2"}],"replies":[{"embeddable":true,"href":"https:\/\/flatsofdreams.at\/index.php?rest_route=%2Fwp%2Fv2%2Fcomments&post=62"}],"version-history":[{"count":2,"href":"https:\/\/flatsofdreams.at\/index.php?rest_route=\/wp\/v2\/pages\/62\/revisions"}],"predecessor-version":[{"id":64,"href":"https:\/\/flatsofdreams.at\/index.php?rest_route=\/wp\/v2\/pages\/62\/revisions\/64"}],"wp:attachment":[{"href":"https:\/\/flatsofdreams.at\/index.php?rest_route=%2Fwp%2Fv2%2Fmedia&parent=62"}],"curies":[{"name":"wp","href":"https:\/\/api.w.org\/{rel}","templated":true}]}}