{"id":417,"date":"2025-03-29T15:33:17","date_gmt":"2025-03-29T15:33:17","guid":{"rendered":"https:\/\/flatsofdreams.at\/?page_id=417"},"modified":"2025-06-21T18:38:13","modified_gmt":"2025-06-21T18:38:13","slug":"a-wurf","status":"publish","type":"page","link":"https:\/\/flatsofdreams.at\/?page_id=417","title":{"rendered":"A-Wurf"},"content":{"rendered":"\n<div class=\"wp-block-media-text is-stacked-on-mobile\"><figure class=\"wp-block-media-text__media\"><img loading=\"lazy\" decoding=\"async\" width=\"459\" height=\"481\" src=\"http:\/\/flatsofdreams.at\/wp-content\/uploads\/2025\/03\/AmyWelpen1.png\" alt=\"\" class=\"wp-image-413 size-full\" srcset=\"https:\/\/flatsofdreams.at\/wp-content\/uploads\/2025\/03\/AmyWelpen1.png 459w, https:\/\/flatsofdreams.at\/wp-content\/uploads\/2025\/03\/AmyWelpen1-286x300.png 286w\" sizes=\"(max-width: 459px) 100vw, 459px\" \/><\/figure><div class=\"wp-block-media-text__content\">\n<p>Der A-Wurf ist gelandet <img loading=\"lazy\" decoding=\"async\" height=\"16\" width=\"16\" alt=\"&#x1f970;\" src=\"https:\/\/static.xx.fbcdn.net\/images\/emoji.php\/v9\/tea\/1\/16\/1f970.png\"><\/p>\n\n\n\n<p>Amy hat am 23.03.2025 9 gesunden Welpen das Leben geschenkt. 5 H\u00fcndinnen (2x schwarz 3x braun) und 4 R\u00fcden (2x schwarz 2x braun) <img loading=\"lazy\" decoding=\"async\" height=\"16\" width=\"16\" src=\"https:\/\/static.xx.fbcdn.net\/images\/emoji.php\/v9\/t2\/1\/16\/1f60d.png\" alt=\"&#x1f60d;\"><\/p>\n\n\n\n<p>Nach nur 4 Stunden kamen 8 Welpen und ein Nachz\u00fcgler nach weiteren 2 Stunden auf die Welt.<\/p>\n\n\n\n<p>Amy <a><\/a>und den Welpen geht es gut und alle sind wohlauf.<\/p>\n\n\n\n<p>Ich bin \u00fcbergl\u00fccklich und freue mich auf die kommenden Wochen mit den Zwergen.<br>Anfragen nehme ich gerne entgegen.<\/p>\n\n\n\n<div class=\"wp-block-buttons is-layout-flex wp-block-buttons-is-layout-flex\">\n<div class=\"wp-block-button\"><a class=\"wp-block-button__link wp-element-button\" href=\"https:\/\/flatsofdreams.at\/?page_id=436\">Bilder<\/a><\/div>\n<\/div>\n<\/div><\/div>\n\n\n\n<figure class=\"wp-block-table\"><table><tbody><tr><td><\/td><td>Uhrzeit<\/td><td>Geburtsgewicht<\/td><td>Gewicht 8 Wochen<\/td><\/tr><tr><td>H\u00dc lila (schwarz)<\/td><td>13:45<\/td><td>396g<\/td><td>7080g<\/td><\/tr><tr><td>H\u00dc rot (braun)<\/td><td>14:03<\/td><td>388g<\/td><td>6480g<\/td><\/tr><tr><td>R\u00dc gr\u00fcn (schwarz)<\/td><td>14:25<\/td><td>436g<\/td><td>6410g<\/td><\/tr><tr><td>H\u00dc rosa (schwarz)<\/td><td>15:31<\/td><td>360g<\/td><td>6610g<\/td><\/tr><tr><td>R\u00dc braun (braun)<\/td><td>15:40<\/td><td>394g<\/td><td>6640g<\/td><\/tr><tr><td>R\u00dc gelb (schwarz)<\/td><td>16:37<\/td><td>272g<\/td><td>6470g<\/td><\/tr><tr><td>H\u00dc orange (braun)<\/td><td>17:18<\/td><td>358g<\/td><td>6860g<\/td><\/tr><tr><td>H\u00dc blau (braun)<\/td><td>17:31<\/td><td>330g<\/td><td>6220g<\/td><\/tr><tr><td>R\u00dc wei\u00df (braun)<\/td><td>20:31<\/td><td>350g<\/td><td>6340g<\/td><\/tr><\/tbody><\/table><figcaption class=\"wp-element-caption\">23.03.2025<\/figcaption><\/figure>\n\n\n\n<figure class=\"wp-block-gallery has-nested-images columns-default is-cropped wp-block-gallery-1 is-layout-flex wp-block-gallery-is-layout-flex\">\n<figure class=\"wp-block-image size-large\"><img loading=\"lazy\" decoding=\"async\" width=\"1024\" height=\"654\" data-id=\"418\" src=\"https:\/\/flatsofdreams.at\/wp-content\/uploads\/2025\/03\/1-1024x654.jpg\" alt=\"\" class=\"wp-image-418\" srcset=\"https:\/\/flatsofdreams.at\/wp-content\/uploads\/2025\/03\/1-1024x654.jpg 1024w, https:\/\/flatsofdreams.at\/wp-content\/uploads\/2025\/03\/1-300x192.jpg 300w, https:\/\/flatsofdreams.at\/wp-content\/uploads\/2025\/03\/1-768x490.jpg 768w, https:\/\/flatsofdreams.at\/wp-content\/uploads\/2025\/03\/1-1536x981.jpg 1536w, https:\/\/flatsofdreams.at\/wp-content\/uploads\/2025\/03\/1-2048x1308.jpg 2048w, https:\/\/flatsofdreams.at\/wp-content\/uploads\/2025\/03\/1-1360x868.jpg 1360w\" sizes=\"(max-width: 1024px) 100vw, 1024px\" \/><\/figure>\n\n\n\n<figure class=\"wp-block-image size-large\"><img loading=\"lazy\" decoding=\"async\" width=\"1024\" height=\"666\" data-id=\"425\" src=\"https:\/\/flatsofdreams.at\/wp-content\/uploads\/2025\/03\/2-1024x666.jpg\" alt=\"\" class=\"wp-image-425\" srcset=\"https:\/\/flatsofdreams.at\/wp-content\/uploads\/2025\/03\/2-1024x666.jpg 1024w, https:\/\/flatsofdreams.at\/wp-content\/uploads\/2025\/03\/2-300x195.jpg 300w, https:\/\/flatsofdreams.at\/wp-content\/uploads\/2025\/03\/2-768x500.jpg 768w, https:\/\/flatsofdreams.at\/wp-content\/uploads\/2025\/03\/2-1536x999.jpg 1536w, https:\/\/flatsofdreams.at\/wp-content\/uploads\/2025\/03\/2-2048x1332.jpg 2048w, https:\/\/flatsofdreams.at\/wp-content\/uploads\/2025\/03\/2-1360x885.jpg 1360w\" sizes=\"(max-width: 1024px) 100vw, 1024px\" \/><\/figure>\n\n\n\n<figure class=\"wp-block-image size-large\"><img loading=\"lazy\" decoding=\"async\" width=\"1024\" height=\"530\" data-id=\"420\" src=\"https:\/\/flatsofdreams.at\/wp-content\/uploads\/2025\/03\/3-1024x530.jpg\" alt=\"\" class=\"wp-image-420\" srcset=\"https:\/\/flatsofdreams.at\/wp-content\/uploads\/2025\/03\/3-1024x530.jpg 1024w, https:\/\/flatsofdreams.at\/wp-content\/uploads\/2025\/03\/3-300x155.jpg 300w, https:\/\/flatsofdreams.at\/wp-content\/uploads\/2025\/03\/3-768x398.jpg 768w, https:\/\/flatsofdreams.at\/wp-content\/uploads\/2025\/03\/3-1536x795.jpg 1536w, https:\/\/flatsofdreams.at\/wp-content\/uploads\/2025\/03\/3-2048x1061.jpg 2048w, https:\/\/flatsofdreams.at\/wp-content\/uploads\/2025\/03\/3-1360x704.jpg 1360w\" sizes=\"(max-width: 1024px) 100vw, 1024px\" \/><\/figure>\n\n\n\n<figure class=\"wp-block-image size-large\"><img loading=\"lazy\" decoding=\"async\" width=\"1024\" height=\"594\" data-id=\"421\" src=\"https:\/\/flatsofdreams.at\/wp-content\/uploads\/2025\/03\/4-1024x594.jpg\" alt=\"\" class=\"wp-image-421\" srcset=\"https:\/\/flatsofdreams.at\/wp-content\/uploads\/2025\/03\/4-1024x594.jpg 1024w, https:\/\/flatsofdreams.at\/wp-content\/uploads\/2025\/03\/4-300x174.jpg 300w, https:\/\/flatsofdreams.at\/wp-content\/uploads\/2025\/03\/4-768x446.jpg 768w, https:\/\/flatsofdreams.at\/wp-content\/uploads\/2025\/03\/4-1536x891.jpg 1536w, https:\/\/flatsofdreams.at\/wp-content\/uploads\/2025\/03\/4-2048x1188.jpg 2048w, https:\/\/flatsofdreams.at\/wp-content\/uploads\/2025\/03\/4-1360x789.jpg 1360w\" sizes=\"(max-width: 1024px) 100vw, 1024px\" \/><\/figure>\n\n\n\n<figure class=\"wp-block-image size-large\"><img loading=\"lazy\" decoding=\"async\" width=\"1024\" height=\"620\" data-id=\"422\" src=\"https:\/\/flatsofdreams.at\/wp-content\/uploads\/2025\/03\/5-1024x620.jpg\" alt=\"\" class=\"wp-image-422\" srcset=\"https:\/\/flatsofdreams.at\/wp-content\/uploads\/2025\/03\/5-1024x620.jpg 1024w, https:\/\/flatsofdreams.at\/wp-content\/uploads\/2025\/03\/5-300x182.jpg 300w, https:\/\/flatsofdreams.at\/wp-content\/uploads\/2025\/03\/5-768x465.jpg 768w, https:\/\/flatsofdreams.at\/wp-content\/uploads\/2025\/03\/5-1536x930.jpg 1536w, https:\/\/flatsofdreams.at\/wp-content\/uploads\/2025\/03\/5-2048x1240.jpg 2048w, https:\/\/flatsofdreams.at\/wp-content\/uploads\/2025\/03\/5-1360x823.jpg 1360w\" sizes=\"(max-width: 1024px) 100vw, 1024px\" \/><\/figure>\n\n\n\n<figure class=\"wp-block-image size-large\"><img loading=\"lazy\" decoding=\"async\" width=\"1024\" height=\"710\" data-id=\"426\" src=\"https:\/\/flatsofdreams.at\/wp-content\/uploads\/2025\/03\/6-1024x710.jpg\" alt=\"\" class=\"wp-image-426\" srcset=\"https:\/\/flatsofdreams.at\/wp-content\/uploads\/2025\/03\/6-1024x710.jpg 1024w, https:\/\/flatsofdreams.at\/wp-content\/uploads\/2025\/03\/6-300x208.jpg 300w, https:\/\/flatsofdreams.at\/wp-content\/uploads\/2025\/03\/6-768x532.jpg 768w, https:\/\/flatsofdreams.at\/wp-content\/uploads\/2025\/03\/6-1536x1064.jpg 1536w, https:\/\/flatsofdreams.at\/wp-content\/uploads\/2025\/03\/6-2048x1419.jpg 2048w, https:\/\/flatsofdreams.at\/wp-content\/uploads\/2025\/03\/6-1360x942.jpg 1360w\" sizes=\"(max-width: 1024px) 100vw, 1024px\" \/><\/figure>\n\n\n\n<figure class=\"wp-block-image size-large\"><img loading=\"lazy\" decoding=\"async\" width=\"1024\" height=\"584\" data-id=\"423\" src=\"https:\/\/flatsofdreams.at\/wp-content\/uploads\/2025\/03\/7-1024x584.jpg\" alt=\"\" class=\"wp-image-423\" srcset=\"https:\/\/flatsofdreams.at\/wp-content\/uploads\/2025\/03\/7-1024x584.jpg 1024w, https:\/\/flatsofdreams.at\/wp-content\/uploads\/2025\/03\/7-300x171.jpg 300w, https:\/\/flatsofdreams.at\/wp-content\/uploads\/2025\/03\/7-768x438.jpg 768w, https:\/\/flatsofdreams.at\/wp-content\/uploads\/2025\/03\/7-1536x876.jpg 1536w, https:\/\/flatsofdreams.at\/wp-content\/uploads\/2025\/03\/7-2048x1168.jpg 2048w, https:\/\/flatsofdreams.at\/wp-content\/uploads\/2025\/03\/7-1360x776.jpg 1360w\" sizes=\"(max-width: 1024px) 100vw, 1024px\" \/><\/figure>\n\n\n\n<figure class=\"wp-block-image size-large\"><img loading=\"lazy\" decoding=\"async\" width=\"1024\" height=\"657\" data-id=\"424\" src=\"https:\/\/flatsofdreams.at\/wp-content\/uploads\/2025\/03\/8-1024x657.jpg\" alt=\"\" class=\"wp-image-424\" srcset=\"https:\/\/flatsofdreams.at\/wp-content\/uploads\/2025\/03\/8-1024x657.jpg 1024w, https:\/\/flatsofdreams.at\/wp-content\/uploads\/2025\/03\/8-300x193.jpg 300w, https:\/\/flatsofdreams.at\/wp-content\/uploads\/2025\/03\/8-768x493.jpg 768w, https:\/\/flatsofdreams.at\/wp-content\/uploads\/2025\/03\/8-1536x986.jpg 1536w, https:\/\/flatsofdreams.at\/wp-content\/uploads\/2025\/03\/8-2048x1314.jpg 2048w, https:\/\/flatsofdreams.at\/wp-content\/uploads\/2025\/03\/8-1360x873.jpg 1360w\" sizes=\"(max-width: 1024px) 100vw, 1024px\" \/><\/figure>\n\n\n\n<figure class=\"wp-block-image size-large\"><img loading=\"lazy\" decoding=\"async\" width=\"1024\" height=\"543\" data-id=\"419\" src=\"https:\/\/flatsofdreams.at\/wp-content\/uploads\/2025\/03\/9-1024x543.jpg\" alt=\"\" class=\"wp-image-419\" srcset=\"https:\/\/flatsofdreams.at\/wp-content\/uploads\/2025\/03\/9-1024x543.jpg 1024w, https:\/\/flatsofdreams.at\/wp-content\/uploads\/2025\/03\/9-300x159.jpg 300w, https:\/\/flatsofdreams.at\/wp-content\/uploads\/2025\/03\/9-768x407.jpg 768w, https:\/\/flatsofdreams.at\/wp-content\/uploads\/2025\/03\/9-1536x815.jpg 1536w, https:\/\/flatsofdreams.at\/wp-content\/uploads\/2025\/03\/9-2048x1086.jpg 2048w, https:\/\/flatsofdreams.at\/wp-content\/uploads\/2025\/03\/9-1360x721.jpg 1360w\" sizes=\"(max-width: 1024px) 100vw, 1024px\" \/><\/figure>\n<\/figure>\n\n\n\n<figure class=\"wp-block-gallery has-nested-images columns-default is-cropped wp-block-gallery-2 is-layout-flex wp-block-gallery-is-layout-flex\">\n<figure class=\"wp-block-image size-large\"><img loading=\"lazy\" decoding=\"async\" width=\"1024\" height=\"1024\" data-id=\"593\" src=\"https:\/\/flatsofdreams.at\/wp-content\/uploads\/2025\/05\/20250503_184635-1024x1024.jpg\" alt=\"\" class=\"wp-image-593\" srcset=\"https:\/\/flatsofdreams.at\/wp-content\/uploads\/2025\/05\/20250503_184635-1024x1024.jpg 1024w, https:\/\/flatsofdreams.at\/wp-content\/uploads\/2025\/05\/20250503_184635-300x300.jpg 300w, https:\/\/flatsofdreams.at\/wp-content\/uploads\/2025\/05\/20250503_184635-150x150.jpg 150w, https:\/\/flatsofdreams.at\/wp-content\/uploads\/2025\/05\/20250503_184635-768x768.jpg 768w, https:\/\/flatsofdreams.at\/wp-content\/uploads\/2025\/05\/20250503_184635-1536x1536.jpg 1536w, https:\/\/flatsofdreams.at\/wp-content\/uploads\/2025\/05\/20250503_184635-2048x2048.jpg 2048w, https:\/\/flatsofdreams.at\/wp-content\/uploads\/2025\/05\/20250503_184635-1360x1360.jpg 1360w, https:\/\/flatsofdreams.at\/wp-content\/uploads\/2025\/05\/20250503_184635-70x70.jpg 70w\" sizes=\"(max-width: 1024px) 100vw, 1024px\" \/><\/figure>\n\n\n\n<figure class=\"wp-block-image size-full\"><img loading=\"lazy\" decoding=\"async\" width=\"864\" height=\"864\" data-id=\"626\" src=\"https:\/\/flatsofdreams.at\/wp-content\/uploads\/2025\/06\/20250503_184810.jpg\" alt=\"\" class=\"wp-image-626\" srcset=\"https:\/\/flatsofdreams.at\/wp-content\/uploads\/2025\/06\/20250503_184810.jpg 864w, https:\/\/flatsofdreams.at\/wp-content\/uploads\/2025\/06\/20250503_184810-300x300.jpg 300w, https:\/\/flatsofdreams.at\/wp-content\/uploads\/2025\/06\/20250503_184810-150x150.jpg 150w, https:\/\/flatsofdreams.at\/wp-content\/uploads\/2025\/06\/20250503_184810-768x768.jpg 768w, https:\/\/flatsofdreams.at\/wp-content\/uploads\/2025\/06\/20250503_184810-70x70.jpg 70w\" sizes=\"(max-width: 864px) 100vw, 864px\" \/><\/figure>\n\n\n\n<figure class=\"wp-block-image size-full\"><img loading=\"lazy\" decoding=\"async\" width=\"864\" height=\"864\" data-id=\"622\" src=\"https:\/\/flatsofdreams.at\/wp-content\/uploads\/2025\/06\/20250503_184341.jpg\" alt=\"\" class=\"wp-image-622\" srcset=\"https:\/\/flatsofdreams.at\/wp-content\/uploads\/2025\/06\/20250503_184341.jpg 864w, https:\/\/flatsofdreams.at\/wp-content\/uploads\/2025\/06\/20250503_184341-300x300.jpg 300w, https:\/\/flatsofdreams.at\/wp-content\/uploads\/2025\/06\/20250503_184341-150x150.jpg 150w, https:\/\/flatsofdreams.at\/wp-content\/uploads\/2025\/06\/20250503_184341-768x768.jpg 768w, https:\/\/flatsofdreams.at\/wp-content\/uploads\/2025\/06\/20250503_184341-70x70.jpg 70w\" sizes=\"(max-width: 864px) 100vw, 864px\" \/><\/figure>\n\n\n\n<figure class=\"wp-block-image size-full\"><img loading=\"lazy\" decoding=\"async\" width=\"864\" height=\"864\" data-id=\"623\" src=\"https:\/\/flatsofdreams.at\/wp-content\/uploads\/2025\/06\/20250503_184454.jpg\" alt=\"\" class=\"wp-image-623\" srcset=\"https:\/\/flatsofdreams.at\/wp-content\/uploads\/2025\/06\/20250503_184454.jpg 864w, https:\/\/flatsofdreams.at\/wp-content\/uploads\/2025\/06\/20250503_184454-300x300.jpg 300w, https:\/\/flatsofdreams.at\/wp-content\/uploads\/2025\/06\/20250503_184454-150x150.jpg 150w, https:\/\/flatsofdreams.at\/wp-content\/uploads\/2025\/06\/20250503_184454-768x768.jpg 768w, https:\/\/flatsofdreams.at\/wp-content\/uploads\/2025\/06\/20250503_184454-70x70.jpg 70w\" sizes=\"(max-width: 864px) 100vw, 864px\" \/><\/figure>\n\n\n\n<figure class=\"wp-block-image size-large\"><img loading=\"lazy\" decoding=\"async\" width=\"1024\" height=\"1024\" data-id=\"591\" src=\"https:\/\/flatsofdreams.at\/wp-content\/uploads\/2025\/05\/20250503_183748-1024x1024.jpg\" alt=\"\" class=\"wp-image-591\" srcset=\"https:\/\/flatsofdreams.at\/wp-content\/uploads\/2025\/05\/20250503_183748-1024x1024.jpg 1024w, https:\/\/flatsofdreams.at\/wp-content\/uploads\/2025\/05\/20250503_183748-300x300.jpg 300w, https:\/\/flatsofdreams.at\/wp-content\/uploads\/2025\/05\/20250503_183748-150x150.jpg 150w, https:\/\/flatsofdreams.at\/wp-content\/uploads\/2025\/05\/20250503_183748-768x768.jpg 768w, https:\/\/flatsofdreams.at\/wp-content\/uploads\/2025\/05\/20250503_183748-1536x1536.jpg 1536w, https:\/\/flatsofdreams.at\/wp-content\/uploads\/2025\/05\/20250503_183748-2048x2048.jpg 2048w, https:\/\/flatsofdreams.at\/wp-content\/uploads\/2025\/05\/20250503_183748-1360x1360.jpg 1360w, https:\/\/flatsofdreams.at\/wp-content\/uploads\/2025\/05\/20250503_183748-70x70.jpg 70w\" sizes=\"(max-width: 1024px) 100vw, 1024px\" \/><\/figure>\n\n\n\n<figure class=\"wp-block-image size-full\"><img loading=\"lazy\" decoding=\"async\" width=\"864\" height=\"864\" data-id=\"624\" src=\"https:\/\/flatsofdreams.at\/wp-content\/uploads\/2025\/06\/20250503_185043.jpg\" alt=\"\" class=\"wp-image-624\" srcset=\"https:\/\/flatsofdreams.at\/wp-content\/uploads\/2025\/06\/20250503_185043.jpg 864w, https:\/\/flatsofdreams.at\/wp-content\/uploads\/2025\/06\/20250503_185043-300x300.jpg 300w, https:\/\/flatsofdreams.at\/wp-content\/uploads\/2025\/06\/20250503_185043-150x150.jpg 150w, https:\/\/flatsofdreams.at\/wp-content\/uploads\/2025\/06\/20250503_185043-768x768.jpg 768w, https:\/\/flatsofdreams.at\/wp-content\/uploads\/2025\/06\/20250503_185043-70x70.jpg 70w\" sizes=\"(max-width: 864px) 100vw, 864px\" \/><\/figure>\n\n\n\n<figure class=\"wp-block-image size-full\"><img loading=\"lazy\" decoding=\"async\" width=\"864\" height=\"864\" data-id=\"625\" src=\"https:\/\/flatsofdreams.at\/wp-content\/uploads\/2025\/06\/20250503_184717.jpg\" alt=\"\" class=\"wp-image-625\" srcset=\"https:\/\/flatsofdreams.at\/wp-content\/uploads\/2025\/06\/20250503_184717.jpg 864w, https:\/\/flatsofdreams.at\/wp-content\/uploads\/2025\/06\/20250503_184717-300x300.jpg 300w, https:\/\/flatsofdreams.at\/wp-content\/uploads\/2025\/06\/20250503_184717-150x150.jpg 150w, https:\/\/flatsofdreams.at\/wp-content\/uploads\/2025\/06\/20250503_184717-768x768.jpg 768w, https:\/\/flatsofdreams.at\/wp-content\/uploads\/2025\/06\/20250503_184717-70x70.jpg 70w\" sizes=\"(max-width: 864px) 100vw, 864px\" \/><\/figure>\n\n\n\n<figure class=\"wp-block-image size-large\"><img loading=\"lazy\" decoding=\"async\" width=\"1024\" height=\"1024\" data-id=\"590\" src=\"https:\/\/flatsofdreams.at\/wp-content\/uploads\/2025\/05\/20250503_184927-1024x1024.jpg\" alt=\"\" class=\"wp-image-590\" srcset=\"https:\/\/flatsofdreams.at\/wp-content\/uploads\/2025\/05\/20250503_184927-1024x1024.jpg 1024w, https:\/\/flatsofdreams.at\/wp-content\/uploads\/2025\/05\/20250503_184927-300x300.jpg 300w, https:\/\/flatsofdreams.at\/wp-content\/uploads\/2025\/05\/20250503_184927-150x150.jpg 150w, https:\/\/flatsofdreams.at\/wp-content\/uploads\/2025\/05\/20250503_184927-768x768.jpg 768w, https:\/\/flatsofdreams.at\/wp-content\/uploads\/2025\/05\/20250503_184927-1536x1536.jpg 1536w, https:\/\/flatsofdreams.at\/wp-content\/uploads\/2025\/05\/20250503_184927-2048x2048.jpg 2048w, https:\/\/flatsofdreams.at\/wp-content\/uploads\/2025\/05\/20250503_184927-1360x1360.jpg 1360w, https:\/\/flatsofdreams.at\/wp-content\/uploads\/2025\/05\/20250503_184927-70x70.jpg 70w\" sizes=\"(max-width: 1024px) 100vw, 1024px\" \/><\/figure>\n\n\n\n<figure class=\"wp-block-image size-large\"><img loading=\"lazy\" decoding=\"async\" width=\"1024\" height=\"1024\" data-id=\"592\" src=\"https:\/\/flatsofdreams.at\/wp-content\/uploads\/2025\/05\/20250503_185009-1024x1024.jpg\" alt=\"\" class=\"wp-image-592\" srcset=\"https:\/\/flatsofdreams.at\/wp-content\/uploads\/2025\/05\/20250503_185009-1024x1024.jpg 1024w, https:\/\/flatsofdreams.at\/wp-content\/uploads\/2025\/05\/20250503_185009-300x300.jpg 300w, https:\/\/flatsofdreams.at\/wp-content\/uploads\/2025\/05\/20250503_185009-150x150.jpg 150w, https:\/\/flatsofdreams.at\/wp-content\/uploads\/2025\/05\/20250503_185009-768x768.jpg 768w, https:\/\/flatsofdreams.at\/wp-content\/uploads\/2025\/05\/20250503_185009-1536x1536.jpg 1536w, https:\/\/flatsofdreams.at\/wp-content\/uploads\/2025\/05\/20250503_185009-2048x2048.jpg 2048w, https:\/\/flatsofdreams.at\/wp-content\/uploads\/2025\/05\/20250503_185009-1360x1360.jpg 1360w, https:\/\/flatsofdreams.at\/wp-content\/uploads\/2025\/05\/20250503_185009-70x70.jpg 70w\" sizes=\"(max-width: 1024px) 100vw, 1024px\" \/><\/figure>\n<figcaption class=\"blocks-gallery-caption wp-element-caption\">6 Wochen<\/figcaption><\/figure>\n\n\n\n<figure class=\"wp-block-image size-full\"><img loading=\"lazy\" decoding=\"async\" width=\"841\" height=\"595\" src=\"http:\/\/flatsofdreams.at\/wp-content\/uploads\/2025\/02\/AhnentafelWelpen.png\" alt=\"\" class=\"wp-image-402\" srcset=\"https:\/\/flatsofdreams.at\/wp-content\/uploads\/2025\/02\/AhnentafelWelpen.png 841w, https:\/\/flatsofdreams.at\/wp-content\/uploads\/2025\/02\/AhnentafelWelpen-300x212.png 300w, https:\/\/flatsofdreams.at\/wp-content\/uploads\/2025\/02\/AhnentafelWelpen-768x543.png 768w\" sizes=\"(max-width: 841px) 100vw, 841px\" \/><\/figure>\n","protected":false},"excerpt":{"rendered":"<p>Uhrzeit Geburtsgewicht Gewicht 8 Wochen H\u00dc lila (schwarz) 13:45 396g 7080g H\u00dc rot (braun) 14:03 388g 6480g R\u00dc gr\u00fcn (schwarz) 14:25 436g 6410g H\u00dc rosa (schwarz) 15:31 360g 6610g R\u00dc braun (braun) 15:40 394g 6640g&hellip;<\/p>\n","protected":false},"author":2,"featured_media":0,"parent":120,"menu_order":0,"comment_status":"closed","ping_status":"closed","template":"","meta":{"footnotes":""},"_links":{"self":[{"href":"https:\/\/flatsofdreams.at\/index.php?rest_route=\/wp\/v2\/pages\/417"}],"collection":[{"href":"https:\/\/flatsofdreams.at\/index.php?rest_route=\/wp\/v2\/pages"}],"about":[{"href":"https:\/\/flatsofdreams.at\/index.php?rest_route=\/wp\/v2\/types\/page"}],"author":[{"embeddable":true,"href":"https:\/\/flatsofdreams.at\/index.php?rest_route=\/wp\/v2\/users\/2"}],"replies":[{"embeddable":true,"href":"https:\/\/flatsofdreams.at\/index.php?rest_route=%2Fwp%2Fv2%2Fcomments&post=417"}],"version-history":[{"count":7,"href":"https:\/\/flatsofdreams.at\/index.php?rest_route=\/wp\/v2\/pages\/417\/revisions"}],"predecessor-version":[{"id":635,"href":"https:\/\/flatsofdreams.at\/index.php?rest_route=\/wp\/v2\/pages\/417\/revisions\/635"}],"up":[{"embeddable":true,"href":"https:\/\/flatsofdreams.at\/index.php?rest_route=\/wp\/v2\/pages\/120"}],"wp:attachment":[{"href":"https:\/\/flatsofdreams.at\/index.php?rest_route=%2Fwp%2Fv2%2Fmedia&parent=417"}],"curies":[{"name":"wp","href":"https:\/\/api.w.org\/{rel}","templated":true}]}}