{"id":41,"date":"2021-10-24T17:45:47","date_gmt":"2021-10-24T17:45:47","guid":{"rendered":"https:\/\/flatsofdreams.at\/?page_id=41"},"modified":"2026-05-01T14:23:36","modified_gmt":"2026-05-01T14:23:36","slug":"gillians-choice-quirate-milo","status":"publish","type":"page","link":"https:\/\/flatsofdreams.at\/?page_id=41","title":{"rendered":"MILO"},"content":{"rendered":"\n<div class=\"wp-block-columns is-layout-flex wp-container-core-columns-is-layout-1 wp-block-columns-is-layout-flex\">\n<div class=\"wp-block-column is-layout-flow wp-block-column-is-layout-flow\"><div class=\"wp-block-image\">\n<figure class=\"alignright size-large is-resized\"><img loading=\"lazy\" decoding=\"async\" width=\"683\" height=\"1024\" src=\"http:\/\/flatsofdreams.at\/wp-content\/uploads\/2025\/06\/Milo-9-683x1024.jpg\" alt=\"\" class=\"wp-image-629\" style=\"width:227px;height:auto\" srcset=\"https:\/\/flatsofdreams.at\/wp-content\/uploads\/2025\/06\/Milo-9-683x1024.jpg 683w, https:\/\/flatsofdreams.at\/wp-content\/uploads\/2025\/06\/Milo-9-200x300.jpg 200w, https:\/\/flatsofdreams.at\/wp-content\/uploads\/2025\/06\/Milo-9-768x1152.jpg 768w, https:\/\/flatsofdreams.at\/wp-content\/uploads\/2025\/06\/Milo-9-rotated.jpg 778w\" sizes=\"(max-width: 683px) 100vw, 683px\" \/><figcaption class=\"wp-element-caption\"><strong><mark style=\"background-color:rgba(0, 0, 0, 0)\" class=\"has-inline-color has-black-color\">geb. 19.02.2020<\/mark><\/strong><\/figcaption><\/figure><\/div>\n\n\n<h2 class=\"wp-block-heading\"><strong>SKCH Gillian\u00b4s Choice Quirate<\/strong><\/h2>\n<\/div>\n<\/div>\n\n\n\n<p>Milo ist weit mehr als nur ein wundersch\u00f6ner Flat Coated Retriever \u2013 er ist eine echte Pers\u00f6nlichkeit mit Herz und Verstand. Er lebt bei meinem Bruder als geliebtes Familienmitglied, doch schon fr\u00fch war mir klar, dass in diesem R\u00fcden noch viel mehr steckt. So begann unsere gemeinsame Reise in die Welt der Shows und der Dummyarbeit.<\/p>\n\n\n\n<p>Milo ist ein echter \u201eKindermagnet\u201c. Mit seiner unerschrockenen und neugierigen Art ist er der perfekte Spielgef\u00e4hrte, der es liebt, mit Kindern Fangen zu spielen oder ausgiebig zu kuscheln. Gleichzeitig ist er ein kleiner Kasperl: Er hat seinen eigenen Kopf und setzt diesen mit so viel Charme ein, dass man ihm nie lange b\u00f6se sein kann.<\/p>\n\n\n\n<p>Wenn es an die Arbeit geht, zeigt Milo seine beeindruckende Vielseitigkeit:<\/p>\n\n\n\n<ul>\n<li><strong>Showring:<\/strong> Er pr\u00e4sentiert sich stets von seiner besten Seite und gibt immer sein Bestes.<\/li>\n\n\n\n<li><strong>Dummyarbeit &amp; Jagd:<\/strong> Hier ist er in seinem Element. Milo bl\u00fcht auf, wenn er seine Nase einsetzen und apportieren darf. Sein Finderwille und seine Passion im Gel\u00e4nde zeichnen ihn aus.<\/li>\n\n\n\n<li><strong>Abenteuer:<\/strong> Ob beim Bootfahren oder auf neuen Wegen \u2013 Milo ist ein unkomplizierter Begleiter, der f\u00fcr jeden Spa\u00df zu haben ist.<\/li>\n<\/ul>\n\n\n\n<h3 class=\"wp-block-heading\">Deckr\u00fcde<\/h3>\n\n\n\n<p>Milo hat sich zu einem sehr vielseitigen und instinktsicheren R\u00fcden entwickelt. Er ist nun 6 Jahre alt und steht gesunden und geeigneten Flat Coated Retriever H\u00fcndinnen als Deckr\u00fcde zur Verf\u00fcgung. Wir sind stolz auf seine Entwicklung und freuen uns darauf, seine positiven Eigenschaften und seinen wunderbaren Charakter an die n\u00e4chste Generation weiterzugeben.<\/p>\n\n\n\n<div class=\"wp-block-buttons is-layout-flex wp-block-buttons-is-layout-flex\">\n<div class=\"wp-block-button\"><a class=\"wp-block-button__link wp-element-button\" href=\"https:\/\/flatsofdreams.at\/?page_id=101\">Bilder<\/a><\/div>\n<\/div>\n\n\n\n<p><strong>GESUNDHEIT<\/strong>: <br>Patella frei, Augen inkl. Gonio frei<br>HD A, ED 0, OCD frei<br>29.11.2021 Zuchtzulassung vom \u00d6RC<br> BbEE tr\u00e4gt liver (braun) kein gelb <\/p>\n\n\n\n<p><strong>WORK<\/strong>:<br>18.07.2021 Zuchttauglichkeitsfeststellung bestanden<\/p>\n\n\n\n<p><strong>SHOW<\/strong>:<br>21.09.2025 Retrieverfestival Grafenegg V1, CAC offene Klasse<br>20.09.2025 Retrieverfestival Grafenegg V1, CAC offene Klasse<br>19.09.2025 Retrieverfestival Grafenegg V1, CAC, Beste CAC R\u00fcde, Kamptal Winner und BOB, offene Klasse<br>02.10.2022 IHA Tulln V, offene Klasse<br>01.10.2022 IHA Tulln V, offene Klasse<br>30.09.2022 IHA Tulln V, offene Klasse<br>04.09.2022 CACIB Danube Bratislava (SK) V2, res. CAC, offene Klasse<br>02.09.2022 CACIB Danube Bratislava (SK) V2, res. CAC, FCI res. CACIB, offene Klasse<br>12.06.2022 Dog Expo Nitra (SK) V2, offene Klasse<br>11.06.2022 Dog Expo Nitra (SK) V2, offene Klasse<br>10.04.2022 IHA Salzburg V3, offene Klasse<br>09.04.2022 IHA Salzburg V3, offene Klasse<br>03.04.2022 Springduo Nitra (SK) V2, Res. CAC, FCI res. CACIB, offene Klasse<br>02.04.2022 Springduo Nitra (SK) V2, Res. CAC, offene Klasse<br>06.03.2022 Clubsiegerschau Oberwaltersdorf V4, offene Klasse<br>05.03.2022 Clubsiegerschau Oberwaltersdorf SG4, offene Klasse<br>14.11.2021 IHA Tulln SG4 Zwischenklasse<br>13.11.2021 IHA Tulln V2, Res. CACA Zwischenklasse<br>02.10.2021 Retrieverfestival Schloss Grafenegg V2, Res. CACA Zwischenklasse<br><img loading=\"lazy\" decoding=\"async\" width=\"120\" height=\"90\" class=\"wp-image-51\" style=\"width: 120px;\" src=\"http:\/\/flatsofdreams.at\/wp-content\/uploads\/2021\/10\/243952094_10226457647206585_1336495438565183824_n.jpg\" alt=\"\" srcset=\"https:\/\/flatsofdreams.at\/wp-content\/uploads\/2021\/10\/243952094_10226457647206585_1336495438565183824_n.jpg 960w, https:\/\/flatsofdreams.at\/wp-content\/uploads\/2021\/10\/243952094_10226457647206585_1336495438565183824_n-300x225.jpg 300w, https:\/\/flatsofdreams.at\/wp-content\/uploads\/2021\/10\/243952094_10226457647206585_1336495438565183824_n-768x576.jpg 768w\" sizes=\"(max-width: 120px) 100vw, 120px\" \/><br>14.08.2021 Clubsiegershow Stift G\u00f6ttweig V3 Jugendklasse<br>25.09.2020 Retrieverfestival Schloss Grafenegg VV1 J\u00fcngstenklasse <br><img loading=\"lazy\" decoding=\"async\" width=\"120\" height=\"160\" class=\"wp-image-50\" style=\"width: 120px;\" src=\"http:\/\/flatsofdreams.at\/wp-content\/uploads\/2021\/10\/120130465_10223771792821904_1388379539795103743_n.jpg\" alt=\"\" srcset=\"https:\/\/flatsofdreams.at\/wp-content\/uploads\/2021\/10\/120130465_10223771792821904_1388379539795103743_n.jpg 720w, https:\/\/flatsofdreams.at\/wp-content\/uploads\/2021\/10\/120130465_10223771792821904_1388379539795103743_n-225x300.jpg 225w\" sizes=\"(max-width: 120px) 100vw, 120px\" \/><br>30.08.2020 Clubsiegershow Schloss Eckartsau VV J\u00fcngstenklasse<br>29.08.2020 Clubsiegershow Schloss Eckartsau VV J\u00fcngstenklasse <br><img loading=\"lazy\" decoding=\"async\" width=\"150\" height=\"146\" class=\"wp-image-49\" style=\"width: 150px;\" src=\"http:\/\/flatsofdreams.at\/wp-content\/uploads\/2021\/10\/118578612_10223531644218339_6981111161653737818_n.jpg\" alt=\"\" srcset=\"https:\/\/flatsofdreams.at\/wp-content\/uploads\/2021\/10\/118578612_10223531644218339_6981111161653737818_n.jpg 578w, https:\/\/flatsofdreams.at\/wp-content\/uploads\/2021\/10\/118578612_10223531644218339_6981111161653737818_n-300x293.jpg 300w\" sizes=\"(max-width: 150px) 100vw, 150px\" \/><br><br><\/p>\n\n\n\n<p><strong>PEDIGREE<\/strong>:<\/p>\n\n\n\n<figure class=\"wp-block-image size-large\"><img loading=\"lazy\" decoding=\"async\" width=\"1024\" height=\"604\" src=\"https:\/\/flatsofdreams.at\/wp-content\/uploads\/2025\/01\/Ahnentafel-1-1024x604.jpg\" alt=\"\" class=\"wp-image-396\" srcset=\"https:\/\/flatsofdreams.at\/wp-content\/uploads\/2025\/01\/Ahnentafel-1-1024x604.jpg 1024w, https:\/\/flatsofdreams.at\/wp-content\/uploads\/2025\/01\/Ahnentafel-1-300x177.jpg 300w, https:\/\/flatsofdreams.at\/wp-content\/uploads\/2025\/01\/Ahnentafel-1-768x453.jpg 768w, https:\/\/flatsofdreams.at\/wp-content\/uploads\/2025\/01\/Ahnentafel-1.jpg 1349w\" sizes=\"(max-width: 1024px) 100vw, 1024px\" \/><\/figure>\n\n\n\n<div class=\"wp-block-columns is-layout-flex wp-container-core-columns-is-layout-3 wp-block-columns-is-layout-flex\">\n<div class=\"wp-block-column is-layout-flow wp-block-column-is-layout-flow\" style=\"flex-basis:100%\">\n<div class=\"wp-block-group\"><div class=\"wp-block-group__inner-container is-layout-flow wp-block-group-is-layout-flow\">\n<div class=\"wp-block-columns is-layout-flex wp-container-core-columns-is-layout-2 wp-block-columns-is-layout-flex\">\n<div class=\"wp-block-column is-layout-flow wp-block-column-is-layout-flow\" style=\"flex-basis:100%\"><\/div>\n<\/div>\n<\/div><\/div>\n<\/div>\n<\/div>\n\n\n\n<p><\/p>\n","protected":false},"excerpt":{"rendered":"<p>SKCH Gillian\u00b4s Choice Quirate Milo ist weit mehr als nur ein wundersch\u00f6ner Flat Coated Retriever \u2013 er ist eine echte Pers\u00f6nlichkeit mit Herz und Verstand. Er lebt bei meinem Bruder als geliebtes Familienmitglied, doch schon&hellip;<\/p>\n","protected":false},"author":2,"featured_media":0,"parent":20,"menu_order":2,"comment_status":"closed","ping_status":"closed","template":"","meta":{"footnotes":""},"_links":{"self":[{"href":"https:\/\/flatsofdreams.at\/index.php?rest_route=\/wp\/v2\/pages\/41"}],"collection":[{"href":"https:\/\/flatsofdreams.at\/index.php?rest_route=\/wp\/v2\/pages"}],"about":[{"href":"https:\/\/flatsofdreams.at\/index.php?rest_route=\/wp\/v2\/types\/page"}],"author":[{"embeddable":true,"href":"https:\/\/flatsofdreams.at\/index.php?rest_route=\/wp\/v2\/users\/2"}],"replies":[{"embeddable":true,"href":"https:\/\/flatsofdreams.at\/index.php?rest_route=%2Fwp%2Fv2%2Fcomments&post=41"}],"version-history":[{"count":32,"href":"https:\/\/flatsofdreams.at\/index.php?rest_route=\/wp\/v2\/pages\/41\/revisions"}],"predecessor-version":[{"id":793,"href":"https:\/\/flatsofdreams.at\/index.php?rest_route=\/wp\/v2\/pages\/41\/revisions\/793"}],"up":[{"embeddable":true,"href":"https:\/\/flatsofdreams.at\/index.php?rest_route=\/wp\/v2\/pages\/20"}],"wp:attachment":[{"href":"https:\/\/flatsofdreams.at\/index.php?rest_route=%2Fwp%2Fv2%2Fmedia&parent=41"}],"curies":[{"name":"wp","href":"https:\/\/api.w.org\/{rel}","templated":true}]}}