{"id":378,"date":"2025-01-14T10:47:39","date_gmt":"2025-01-14T10:47:39","guid":{"rendered":"https:\/\/flatsofdreams.at\/?page_id=378"},"modified":"2026-05-01T14:18:52","modified_gmt":"2026-05-01T14:18:52","slug":"dina","status":"publish","type":"page","link":"https:\/\/flatsofdreams.at\/?page_id=378","title":{"rendered":"DINA"},"content":{"rendered":"\n<div class=\"wp-block-columns is-layout-flex wp-container-core-columns-is-layout-1 wp-block-columns-is-layout-flex\">\n<div class=\"wp-block-column is-layout-flow wp-block-column-is-layout-flow\"><div class=\"wp-block-image\">\n<figure class=\"alignright size-large is-resized\"><img loading=\"lazy\" decoding=\"async\" width=\"771\" height=\"1024\" src=\"http:\/\/flatsofdreams.at\/wp-content\/uploads\/2026\/05\/PXL_20260314_0931517742-771x1024.jpg\" alt=\"\" class=\"wp-image-774\" style=\"width:261px;height:auto\" srcset=\"https:\/\/flatsofdreams.at\/wp-content\/uploads\/2026\/05\/PXL_20260314_0931517742-771x1024.jpg 771w, https:\/\/flatsofdreams.at\/wp-content\/uploads\/2026\/05\/PXL_20260314_0931517742-226x300.jpg 226w, https:\/\/flatsofdreams.at\/wp-content\/uploads\/2026\/05\/PXL_20260314_0931517742-768x1020.jpg 768w, https:\/\/flatsofdreams.at\/wp-content\/uploads\/2026\/05\/PXL_20260314_0931517742.jpg 922w\" sizes=\"(max-width: 771px) 100vw, 771px\" \/><figcaption class=\"wp-element-caption\"><strong><mark style=\"background-color:rgba(0, 0, 0, 0)\" class=\"has-inline-color has-black-color\">geb. 16.03.2024<\/mark><\/strong><\/figcaption><\/figure><\/div>\n\n\n<h2 class=\"wp-block-heading\"><strong>Flatharmony Dreams Come True<\/strong><\/h2>\n<\/div>\n<\/div>\n\n\n\n<p class=\"has-large-font-size\" id=\"block-246012ba-39f8-4601-b983-0f17cdec03bf\"><\/p>\n\n\n\n<div class=\"wp-block-columns alignwide is-layout-flex wp-container-core-columns-is-layout-2 wp-block-columns-is-layout-flex\">\n<div class=\"wp-block-column is-vertically-aligned-center is-layout-flow wp-block-column-is-layout-flow\" style=\"flex-basis:100%\">\n<p>Dina ist eine ganz besondere Bereicherung f\u00fcr unsere Familie. Mein herzlicher Dank gilt ihrer Z\u00fcchterin Petra Torreiter, die mir diese wundervolle H\u00fcndin zugesagt hat.<\/p>\n\n\n\n<p>Dina lebt gemeinsam mit Milo und zwei Katzen bei meiner Mutter. Als unsere kleine \u201eTurbomaus\u201c macht sie ihrem Namen alle Ehre: Sie lernt unglaublich schnell und ist immer mit vollem Eifer dabei. In Milo hat sie nicht nur einen gro\u00dfartigen Spielkameraden, sondern auch einen tollen Partner an ihrer Seite gefunden.<\/p>\n\n\n\n<p>Ihre Vielseitigkeit hat Dina schon fr\u00fch unter Beweis gestellt. So hat sie ihre erste Jagd als Gasthund mit Bravour gemeistert und auch ihre erste Ausstellung bereits erfolgreich hinter sich gebracht. Es ist eine Freude zu sehen, mit wie viel Elan und Freude sie bei der Sache ist.<\/p>\n\n\n\n<p>Wir sind stolz, dass Dina seit April 2026 die offizielle <strong>Zuchtzulassung<\/strong> des \u00d6sterreichischen Retriever Clubs (\u00d6RC) hat. Ihre Gesundheitswerte sind einfach erstklassig und bilden die perfekte Basis f\u00fcr meine Zucht:<\/p>\n\n\n\n<p>Dina hat sich pr\u00e4chtig entwickelt, und wir sind sehr gespannt auf ihren weiteren Weg. Nachdem sie auch ihren Wesenstest (WeT) erfolgreich absolviert hat, freuen wir uns nun riesig auf die Planung f\u00fcr ihren ersten Wurf.<\/p>\n<\/div>\n<\/div>\n\n\n\n<div class=\"wp-block-buttons is-layout-flex wp-block-buttons-is-layout-flex\">\n<div class=\"wp-block-button\"><a class=\"wp-block-button__link wp-element-button\" href=\"https:\/\/flatsofdreams.at\/?page_id=386\">Bilder<\/a><\/div>\n<\/div>\n\n\n\n<p><strong>GESUNDHEIT<\/strong>:<br>Patella frei, Augen inkl. Gonio frei<br>HD A, ED 0, OCD frei<br>16.04.2026 Zuchtzulassung vom \u00d6RC<br>BbEE tr\u00e4gt liver (braun) kein gelb<\/p>\n\n\n\n<p><strong>WORK<\/strong>:<br>27.09.2025 Zuchttauglichkeitsfeststellung bestanden<\/p>\n\n\n\n<p><strong>SHOW<\/strong>:<br>21.09.2025 Retrieverfestival Grafenegg SG3, Zwischenklasse<br>20.09.2025 Retrieverfestival Grafenegg V3, Zwischenklasse<br>19.09.2025 Retrieverfestival Grafenegg V1, CAC, Zwischenklasse<br>17.08.2025 Duodanube CACIB Bratislava (SK) V2, Jugendklasse<br>16.08.2025 Duodanube CACIB Bratislava (SK) V2, Jugendklasse<br>15.08.2025 Duodanube CACIB Bratislava (SK) V1, CAJC,FCI-CACIB-J , Jugendklasse<\/p>\n\n\n\n<p><strong>PEDIGREE:<\/strong><\/p>\n\n\n\n<figure class=\"wp-block-image size-full is-resized\"><img loading=\"lazy\" decoding=\"async\" width=\"1345\" height=\"797\" src=\"https:\/\/flatsofdreams.at\/wp-content\/uploads\/2025\/07\/Ahnentafel.jpg\" alt=\"\" class=\"wp-image-643\" style=\"width:965px;height:auto\" srcset=\"https:\/\/flatsofdreams.at\/wp-content\/uploads\/2025\/07\/Ahnentafel.jpg 1345w, https:\/\/flatsofdreams.at\/wp-content\/uploads\/2025\/07\/Ahnentafel-300x178.jpg 300w, https:\/\/flatsofdreams.at\/wp-content\/uploads\/2025\/07\/Ahnentafel-1024x607.jpg 1024w, https:\/\/flatsofdreams.at\/wp-content\/uploads\/2025\/07\/Ahnentafel-768x455.jpg 768w\" sizes=\"(max-width: 1345px) 100vw, 1345px\" \/><\/figure>\n","protected":false},"excerpt":{"rendered":"<p>Flatharmony Dreams Come True Dina ist eine ganz besondere Bereicherung f\u00fcr unsere Familie. Mein herzlicher Dank gilt ihrer Z\u00fcchterin Petra Torreiter, die mir diese wundervolle H\u00fcndin zugesagt hat. Dina lebt gemeinsam mit Milo und zwei&hellip;<\/p>\n","protected":false},"author":2,"featured_media":0,"parent":20,"menu_order":4,"comment_status":"closed","ping_status":"closed","template":"","meta":{"footnotes":""},"_links":{"self":[{"href":"https:\/\/flatsofdreams.at\/index.php?rest_route=\/wp\/v2\/pages\/378"}],"collection":[{"href":"https:\/\/flatsofdreams.at\/index.php?rest_route=\/wp\/v2\/pages"}],"about":[{"href":"https:\/\/flatsofdreams.at\/index.php?rest_route=\/wp\/v2\/types\/page"}],"author":[{"embeddable":true,"href":"https:\/\/flatsofdreams.at\/index.php?rest_route=\/wp\/v2\/users\/2"}],"replies":[{"embeddable":true,"href":"https:\/\/flatsofdreams.at\/index.php?rest_route=%2Fwp%2Fv2%2Fcomments&post=378"}],"version-history":[{"count":19,"href":"https:\/\/flatsofdreams.at\/index.php?rest_route=\/wp\/v2\/pages\/378\/revisions"}],"predecessor-version":[{"id":791,"href":"https:\/\/flatsofdreams.at\/index.php?rest_route=\/wp\/v2\/pages\/378\/revisions\/791"}],"up":[{"embeddable":true,"href":"https:\/\/flatsofdreams.at\/index.php?rest_route=\/wp\/v2\/pages\/20"}],"wp:attachment":[{"href":"https:\/\/flatsofdreams.at\/index.php?rest_route=%2Fwp%2Fv2%2Fmedia&parent=378"}],"curies":[{"name":"wp","href":"https:\/\/api.w.org\/{rel}","templated":true}]}}