{"id":357,"date":"2024-03-20T07:53:06","date_gmt":"2024-03-20T07:53:06","guid":{"rendered":"https:\/\/flatsofdreams.at\/?page_id=357"},"modified":"2026-05-01T14:16:36","modified_gmt":"2026-05-01T14:16:36","slug":"cheyenne","status":"publish","type":"page","link":"https:\/\/flatsofdreams.at\/?page_id=357","title":{"rendered":"CHEYENNE"},"content":{"rendered":"\n<div class=\"wp-block-columns is-layout-flex wp-container-core-columns-is-layout-1 wp-block-columns-is-layout-flex\">\n<div class=\"wp-block-column is-layout-flow wp-block-column-is-layout-flow\"><div class=\"wp-block-image\">\n<figure class=\"alignright size-large is-resized\"><img loading=\"lazy\" decoding=\"async\" width=\"681\" height=\"1024\" src=\"https:\/\/flatsofdreams.at\/wp-content\/uploads\/2026\/05\/DSC_8225-681x1024.jpg\" alt=\"\" class=\"wp-image-785\" style=\"width:342px;height:auto\" srcset=\"https:\/\/flatsofdreams.at\/wp-content\/uploads\/2026\/05\/DSC_8225-681x1024.jpg 681w, https:\/\/flatsofdreams.at\/wp-content\/uploads\/2026\/05\/DSC_8225-200x300.jpg 200w, https:\/\/flatsofdreams.at\/wp-content\/uploads\/2026\/05\/DSC_8225-768x1154.jpg 768w, https:\/\/flatsofdreams.at\/wp-content\/uploads\/2026\/05\/DSC_8225-1022x1536.jpg 1022w, https:\/\/flatsofdreams.at\/wp-content\/uploads\/2026\/05\/DSC_8225.jpg 1207w\" sizes=\"(max-width: 681px) 100vw, 681px\" \/><figcaption class=\"wp-element-caption\"><strong><mark style=\"background-color:rgba(0, 0, 0, 0)\" class=\"has-inline-color has-black-color\">geb. 24.04.2012<\/mark><\/strong><\/figcaption><\/figure><\/div>\n\n\n<h2 class=\"wp-block-heading\"><strong>Gillian\u00b4s Choice Cheyenne Maheo<\/strong><\/h2>\n<\/div>\n<\/div>\n\n\n\n<p class=\"has-large-font-size\"><\/p>\n\n\n\n<p><em>\u201eSie ist nicht der Hund, mit dem meine Zucht begann \u2013 aber sie ist der Hund, ohne den all das hier niemals m\u00f6glich gewesen w\u00e4re.\u201c<\/em><\/p>\n\n\n\n<p><br>Mit Cheyenne ging mein lang ersehnter Traum vom ersten eigenen Flat Coated Retriever in Erf\u00fcllung. Schon damals, nach dem Besuch zahlreicher Ausstellungen, stand mein Entschluss fest: Ein Hund aus der Zuchtst\u00e4tte <strong>Gillian\u2019s Choice von Mag. Elisabeth Wolfsgruber<\/strong> sollte es sein. Ein langes Jahr des Wartens und der Vorfreude verging, bis Cheyenne schlie\u00dflich bei mir einzog \u2013 ein Moment, der mein Leben f\u00fcr immer ver\u00e4ndern sollte.<\/p>\n\n\n\n<p>Cheyenne war es, die mich an die Hand nahm und in die Welt der Hundeausstellungen und der Dummyarbeit einf\u00fchrte. Gemeinsam haben wir H\u00f6hen und Tiefen durchschritten, Erfolge gefeiert und sind als Team zusammengewachsen. Durch sie habe ich nicht nur gelernt, was es hei\u00dft, einen Flat zu f\u00fchren, sondern auch, was bedingungslose Treue bedeutet. Ihr \u201eWill to Please\u201c und ihre unb\u00e4ndige Freude am Apportieren zeichnen sie bis heute aus.<\/p>\n\n\n\n<p>Besonders stolz macht mich die Rolle, die sie in unserer Familie eingenommen hat. Cheyenne hat meinen Sohn Luca von seinem ersten Atemzug an begleitet. Mit ihrer sanftm\u00fctigen Art hat sie ihm \u2013 unter meiner Anleitung \u2013 den respektvollen Umgang mit Hunden beigebracht. Die beiden sind zusammen gewachsen, und ich h\u00e4tte mir keine bessere vierbeinige Erzieherin f\u00fcr mein Kind w\u00fcnschen k\u00f6nnen.<\/p>\n\n\n\n<p>Heute, mit stolzen <strong>14 Jahren<\/strong>, genie\u00dft Cheyenne ihren wohlverdienten Ruhestand. Auch wenn die Schritte nun langsamer werden und die Tage ruhiger verlaufen, blitzt in ihren Augen immer noch der Schalk auf, wenn sie ein Dummy sieht. Ein alter Hund ist eine neue, ganz besondere Herausforderung, die mich t\u00e4glich lehrt, im Moment zu leben und die Zeit noch bewusster zu sch\u00e4tzen.<\/p>\n\n\n\n<p>Cheyenne ist und bleibt das Herzst\u00fcck meiner Geschichte.<\/p>\n\n\n\n<p><strong>GESUNDHEIT<\/strong>:<br>Patella frei, Augen inkl. Gonio frei<br>HD A, ED 0, OCD frei<br>BbEE tr\u00e4gt liver (braun) kein gelb <\/p>\n\n\n\n<p> <strong>PEDIGREE:<\/strong> <\/p>\n\n\n\n<figure class=\"wp-block-image size-full is-resized\"><img loading=\"lazy\" decoding=\"async\" width=\"841\" height=\"595\" src=\"https:\/\/flatsofdreams.at\/wp-content\/uploads\/2024\/03\/b6fee085-c16b-4394-b432-5b42b54dc05e_1.jpg\" alt=\"\" class=\"wp-image-368\" style=\"width:857px;height:606px\" srcset=\"https:\/\/flatsofdreams.at\/wp-content\/uploads\/2024\/03\/b6fee085-c16b-4394-b432-5b42b54dc05e_1.jpg 841w, https:\/\/flatsofdreams.at\/wp-content\/uploads\/2024\/03\/b6fee085-c16b-4394-b432-5b42b54dc05e_1-300x212.jpg 300w, https:\/\/flatsofdreams.at\/wp-content\/uploads\/2024\/03\/b6fee085-c16b-4394-b432-5b42b54dc05e_1-768x543.jpg 768w\" sizes=\"(max-width: 841px) 100vw, 841px\" \/><\/figure>\n","protected":false},"excerpt":{"rendered":"<p>Gillian\u00b4s Choice Cheyenne Maheo \u201eSie ist nicht der Hund, mit dem meine Zucht begann \u2013 aber sie ist der Hund, ohne den all das hier niemals m\u00f6glich gewesen w\u00e4re.\u201c Mit Cheyenne ging mein lang ersehnter&hellip;<\/p>\n","protected":false},"author":2,"featured_media":0,"parent":20,"menu_order":3,"comment_status":"closed","ping_status":"closed","template":"","meta":{"footnotes":""},"_links":{"self":[{"href":"https:\/\/flatsofdreams.at\/index.php?rest_route=\/wp\/v2\/pages\/357"}],"collection":[{"href":"https:\/\/flatsofdreams.at\/index.php?rest_route=\/wp\/v2\/pages"}],"about":[{"href":"https:\/\/flatsofdreams.at\/index.php?rest_route=\/wp\/v2\/types\/page"}],"author":[{"embeddable":true,"href":"https:\/\/flatsofdreams.at\/index.php?rest_route=\/wp\/v2\/users\/2"}],"replies":[{"embeddable":true,"href":"https:\/\/flatsofdreams.at\/index.php?rest_route=%2Fwp%2Fv2%2Fcomments&post=357"}],"version-history":[{"count":12,"href":"https:\/\/flatsofdreams.at\/index.php?rest_route=\/wp\/v2\/pages\/357\/revisions"}],"predecessor-version":[{"id":788,"href":"https:\/\/flatsofdreams.at\/index.php?rest_route=\/wp\/v2\/pages\/357\/revisions\/788"}],"up":[{"embeddable":true,"href":"https:\/\/flatsofdreams.at\/index.php?rest_route=\/wp\/v2\/pages\/20"}],"wp:attachment":[{"href":"https:\/\/flatsofdreams.at\/index.php?rest_route=%2Fwp%2Fv2%2Fmedia&parent=357"}],"curies":[{"name":"wp","href":"https:\/\/api.w.org\/{rel}","templated":true}]}}