{"id":24,"date":"2021-10-22T19:03:34","date_gmt":"2021-10-22T19:03:34","guid":{"rendered":"https:\/\/flatsofdreams.at\/?page_id=24"},"modified":"2025-06-23T15:41:08","modified_gmt":"2025-06-23T15:41:08","slug":"kontakt","status":"publish","type":"page","link":"https:\/\/flatsofdreams.at\/?page_id=24","title":{"rendered":"Kontakt\/Contact"},"content":{"rendered":"\n<figure class=\"wp-block-image size-large is-resized\"><img loading=\"lazy\" decoding=\"async\" width=\"1024\" height=\"683\" src=\"http:\/\/flatsofdreams.at\/wp-content\/uploads\/2025\/06\/IMG_74371-1024x683.jpg\" alt=\"\" class=\"wp-image-640\" style=\"width:420px;height:auto\" srcset=\"https:\/\/flatsofdreams.at\/wp-content\/uploads\/2025\/06\/IMG_74371-1024x683.jpg 1024w, https:\/\/flatsofdreams.at\/wp-content\/uploads\/2025\/06\/IMG_74371-300x200.jpg 300w, https:\/\/flatsofdreams.at\/wp-content\/uploads\/2025\/06\/IMG_74371-768x512.jpg 768w, https:\/\/flatsofdreams.at\/wp-content\/uploads\/2025\/06\/IMG_74371-1536x1024.jpg 1536w, https:\/\/flatsofdreams.at\/wp-content\/uploads\/2025\/06\/IMG_74371-1360x907.jpg 1360w, https:\/\/flatsofdreams.at\/wp-content\/uploads\/2025\/06\/IMG_74371.jpg 1944w\" sizes=\"(max-width: 1024px) 100vw, 1024px\" \/><\/figure>\n\n\n\n<pre class=\"wp-block-verse\">Bettina Matzhold<br>+43 69918833122<br>bmatzhold@gmail.com<br><br>Medieninhaber:<br>Bettina Matzhold<br>Teichhof 2<br>2292 Loimersdorf, \u00d6sterreich<br><br>Diese Website dient der Pr\u00e4sentation von Fotos und Informationen meiner Hundezucht.<br><br>Urheberrechtshinweise:<br>Alle auf dieser Homepage verwendeten Fotos sind mein Eigentum und unterliegen meinem Urheberrecht.<br>Eine Nutzung ohne meine ausdr\u00fcckliche Zustimmung ist nicht gestattet.<br><br>Die Logos werden mit freundlicher Genehmigung des \u00d6sterreichischen Retrieverclubs verwendet.<br>Das Urheberrecht f\u00fcr diese Logos liegt beim \u00d6RC.<\/pre>\n","protected":false},"excerpt":{"rendered":"<p>Bettina Matzhold+43 69918833122bmatzhold@gmail.comMedieninhaber:Bettina MatzholdTeichhof 22292 Loimersdorf, \u00d6sterreichDiese Website dient der Pr\u00e4sentation von Fotos und Informationen meiner Hundezucht.Urheberrechtshinweise:Alle auf dieser Homepage verwendeten Fotos sind mein Eigentum und unterliegen meinem Urheberrecht.Eine Nutzung ohne meine ausdr\u00fcckliche Zustimmung ist&hellip;<\/p>\n","protected":false},"author":2,"featured_media":0,"parent":0,"menu_order":7,"comment_status":"closed","ping_status":"closed","template":"","meta":{"footnotes":""},"_links":{"self":[{"href":"https:\/\/flatsofdreams.at\/index.php?rest_route=\/wp\/v2\/pages\/24"}],"collection":[{"href":"https:\/\/flatsofdreams.at\/index.php?rest_route=\/wp\/v2\/pages"}],"about":[{"href":"https:\/\/flatsofdreams.at\/index.php?rest_route=\/wp\/v2\/types\/page"}],"author":[{"embeddable":true,"href":"https:\/\/flatsofdreams.at\/index.php?rest_route=\/wp\/v2\/users\/2"}],"replies":[{"embeddable":true,"href":"https:\/\/flatsofdreams.at\/index.php?rest_route=%2Fwp%2Fv2%2Fcomments&post=24"}],"version-history":[{"count":5,"href":"https:\/\/flatsofdreams.at\/index.php?rest_route=\/wp\/v2\/pages\/24\/revisions"}],"predecessor-version":[{"id":641,"href":"https:\/\/flatsofdreams.at\/index.php?rest_route=\/wp\/v2\/pages\/24\/revisions\/641"}],"wp:attachment":[{"href":"https:\/\/flatsofdreams.at\/index.php?rest_route=%2Fwp%2Fv2%2Fmedia&parent=24"}],"curies":[{"name":"wp","href":"https:\/\/api.w.org\/{rel}","templated":true}]}}