{"id":20,"date":"2021-10-22T18:54:28","date_gmt":"2021-10-22T18:54:28","guid":{"rendered":"https:\/\/flatsofdreams.at\/?page_id=20"},"modified":"2026-05-01T15:53:21","modified_gmt":"2026-05-01T15:53:21","slug":"hunde","status":"publish","type":"page","link":"https:\/\/flatsofdreams.at\/?page_id=20","title":{"rendered":"Hunde\/Dogs"},"content":{"rendered":"\n<p><em><strong>Ein Hund ist ein Herz auf vier Pfoten \u2013 und ein Flat Coated Retriever ist ein Herz, das niemals aufh\u00f6rt zu wedeln.<\/strong><\/em><\/p>\n\n\n\n<p>Die Liebe eines Flat Coated Retrievers ist bedingungslos. Hier pr\u00e4sentiere ich euch unsere Hunde mit all ihren Gesundheitsergebnissen, Showerfolgen und ihren einzigartigen Charakteren. <br>Sie sind f\u00fcr uns nicht nur Zuchthunde, sondern Lebensgef\u00e4hrten, die uns jeden Tag mit ihrem fr\u00f6hlichen Wesen und ihrer Arbeitsfreude begeistern. Tauchen Sie ein in die Welt unserer fr\u00f6hlichen Apportierk\u00fcnstler. Klicken Sie auf die Bilder, um die Bande n\u00e4her kennenzulernen.<\/p>\n\n\n\n<div class=\"wp-block-columns is-layout-flex wp-container-core-columns-is-layout-1 wp-block-columns-is-layout-flex\">\n<div class=\"wp-block-column is-layout-flow wp-block-column-is-layout-flow\"><div class=\"wp-block-image\">\n<figure class=\"aligncenter size-full\"><a href=\"https:\/\/flatsofdreams.at\/?page_id=76\"><img loading=\"lazy\" decoding=\"async\" width=\"1707\" height=\"2560\" src=\"https:\/\/flatsofdreams.at\/wp-content\/uploads\/2025\/05\/IMG_0320-HP-scaled.jpg\" alt=\"\" class=\"wp-image-577\" srcset=\"https:\/\/flatsofdreams.at\/wp-content\/uploads\/2025\/05\/IMG_0320-HP-scaled.jpg 1707w, https:\/\/flatsofdreams.at\/wp-content\/uploads\/2025\/05\/IMG_0320-HP-200x300.jpg 200w, https:\/\/flatsofdreams.at\/wp-content\/uploads\/2025\/05\/IMG_0320-HP-683x1024.jpg 683w, https:\/\/flatsofdreams.at\/wp-content\/uploads\/2025\/05\/IMG_0320-HP-768x1152.jpg 768w, https:\/\/flatsofdreams.at\/wp-content\/uploads\/2025\/05\/IMG_0320-HP-1024x1536.jpg 1024w, https:\/\/flatsofdreams.at\/wp-content\/uploads\/2025\/05\/IMG_0320-HP-1365x2048.jpg 1365w, https:\/\/flatsofdreams.at\/wp-content\/uploads\/2025\/05\/IMG_0320-HP-1360x2040.jpg 1360w\" sizes=\"(max-width: 1707px) 100vw, 1707px\" \/><\/a><figcaption class=\"wp-element-caption\"><mark style=\"background-color:rgba(0, 0, 0, 0)\" class=\"has-inline-color has-black-color\"><strong>Amy<\/strong><\/mark><\/figcaption><\/figure><\/div><\/div>\n\n\n\n<div class=\"wp-block-column is-layout-flow wp-block-column-is-layout-flow\"><div class=\"wp-block-image\">\n<figure class=\"aligncenter size-large is-resized\"><a href=\"https:\/\/flatsofdreams.at\/?page_id=378\"><img loading=\"lazy\" decoding=\"async\" width=\"771\" height=\"1024\" src=\"https:\/\/flatsofdreams.at\/wp-content\/uploads\/2026\/05\/PXL_20260314_0931517742-771x1024.jpg\" alt=\"\" class=\"wp-image-774\" style=\"width:299px;height:auto\" srcset=\"https:\/\/flatsofdreams.at\/wp-content\/uploads\/2026\/05\/PXL_20260314_0931517742-771x1024.jpg 771w, https:\/\/flatsofdreams.at\/wp-content\/uploads\/2026\/05\/PXL_20260314_0931517742-226x300.jpg 226w, https:\/\/flatsofdreams.at\/wp-content\/uploads\/2026\/05\/PXL_20260314_0931517742-768x1020.jpg 768w, https:\/\/flatsofdreams.at\/wp-content\/uploads\/2026\/05\/PXL_20260314_0931517742.jpg 922w\" sizes=\"(max-width: 771px) 100vw, 771px\" \/><\/a><figcaption class=\"wp-element-caption\"><mark style=\"background-color:rgba(0, 0, 0, 0)\" class=\"has-inline-color has-black-color\"><strong>Dina<\/strong><\/mark><\/figcaption><\/figure><\/div><\/div>\n\n\n\n<div class=\"wp-block-column is-layout-flow wp-block-column-is-layout-flow\"><div class=\"wp-block-image\">\n<figure class=\"aligncenter size-large is-resized\"><a href=\"https:\/\/flatsofdreams.at\/?page_id=601\"><img loading=\"lazy\" decoding=\"async\" width=\"771\" height=\"1024\" src=\"https:\/\/flatsofdreams.at\/wp-content\/uploads\/2026\/05\/PXL_20260314_093240803.MP2_-771x1024.jpg\" alt=\"\" class=\"wp-image-775\" style=\"width:300px;height:auto\" srcset=\"https:\/\/flatsofdreams.at\/wp-content\/uploads\/2026\/05\/PXL_20260314_093240803.MP2_-771x1024.jpg 771w, https:\/\/flatsofdreams.at\/wp-content\/uploads\/2026\/05\/PXL_20260314_093240803.MP2_-226x300.jpg 226w, https:\/\/flatsofdreams.at\/wp-content\/uploads\/2026\/05\/PXL_20260314_093240803.MP2_-768x1020.jpg 768w, https:\/\/flatsofdreams.at\/wp-content\/uploads\/2026\/05\/PXL_20260314_093240803.MP2_.jpg 922w\" sizes=\"(max-width: 771px) 100vw, 771px\" \/><\/a><figcaption class=\"wp-element-caption\"><mark style=\"background-color:rgba(0, 0, 0, 0)\" class=\"has-inline-color has-black-color\"><strong>Lia<\/strong><\/mark><\/figcaption><\/figure><\/div><\/div>\n<\/div>\n\n\n\n<div class=\"wp-block-columns is-layout-flex wp-container-core-columns-is-layout-2 wp-block-columns-is-layout-flex\">\n<div class=\"wp-block-column is-layout-flow wp-block-column-is-layout-flow\"><div class=\"wp-block-image\">\n<figure class=\"aligncenter size-large is-resized\"><a href=\"https:\/\/flatsofdreams.at\/?page_id=41\"><img loading=\"lazy\" decoding=\"async\" width=\"683\" height=\"1024\" src=\"http:\/\/flatsofdreams.at\/wp-content\/uploads\/2025\/06\/Milo-9-683x1024.jpg\" alt=\"\" class=\"wp-image-629\" style=\"width:273px;height:auto\" srcset=\"https:\/\/flatsofdreams.at\/wp-content\/uploads\/2025\/06\/Milo-9-683x1024.jpg 683w, https:\/\/flatsofdreams.at\/wp-content\/uploads\/2025\/06\/Milo-9-200x300.jpg 200w, https:\/\/flatsofdreams.at\/wp-content\/uploads\/2025\/06\/Milo-9-768x1152.jpg 768w, https:\/\/flatsofdreams.at\/wp-content\/uploads\/2025\/06\/Milo-9-rotated.jpg 778w\" sizes=\"(max-width: 683px) 100vw, 683px\" \/><\/a><figcaption class=\"wp-element-caption\"><strong><mark style=\"background-color:rgba(0, 0, 0, 0)\" class=\"has-inline-color has-black-color\">Milo<\/mark><\/strong><\/figcaption><\/figure><\/div><\/div>\n\n\n\n<div class=\"wp-block-column is-layout-flow wp-block-column-is-layout-flow\"><div class=\"wp-block-image\">\n<figure class=\"aligncenter size-large is-resized\"><a href=\"https:\/\/flatsofdreams.at\/?page_id=357\"><img loading=\"lazy\" decoding=\"async\" width=\"962\" height=\"1024\" src=\"https:\/\/flatsofdreams.at\/wp-content\/uploads\/2026\/05\/FB_IMG_1524547388483-962x1024.jpg\" alt=\"\" class=\"wp-image-777\" style=\"width:386px;height:auto\" srcset=\"https:\/\/flatsofdreams.at\/wp-content\/uploads\/2026\/05\/FB_IMG_1524547388483-962x1024.jpg 962w, https:\/\/flatsofdreams.at\/wp-content\/uploads\/2026\/05\/FB_IMG_1524547388483-282x300.jpg 282w, https:\/\/flatsofdreams.at\/wp-content\/uploads\/2026\/05\/FB_IMG_1524547388483-768x818.jpg 768w, https:\/\/flatsofdreams.at\/wp-content\/uploads\/2026\/05\/FB_IMG_1524547388483-1442x1536.jpg 1442w, https:\/\/flatsofdreams.at\/wp-content\/uploads\/2026\/05\/FB_IMG_1524547388483-1360x1448.jpg 1360w, https:\/\/flatsofdreams.at\/wp-content\/uploads\/2026\/05\/FB_IMG_1524547388483.jpg 1923w\" sizes=\"(max-width: 962px) 100vw, 962px\" \/><\/a><figcaption class=\"wp-element-caption\"><strong><mark style=\"background-color:rgba(0, 0, 0, 0)\" class=\"has-inline-color has-black-color\">Cheyenne<\/mark><\/strong><\/figcaption><\/figure><\/div><\/div>\n<\/div>\n","protected":false},"excerpt":{"rendered":"<p>Ein Hund ist ein Herz auf vier Pfoten \u2013 und ein Flat Coated Retriever ist ein Herz, das niemals aufh\u00f6rt zu wedeln. Die Liebe eines Flat Coated Retrievers ist bedingungslos. Hier pr\u00e4sentiere ich euch unsere&hellip;<\/p>\n","protected":false},"author":2,"featured_media":0,"parent":0,"menu_order":0,"comment_status":"closed","ping_status":"closed","template":"","meta":{"footnotes":""},"_links":{"self":[{"href":"https:\/\/flatsofdreams.at\/index.php?rest_route=\/wp\/v2\/pages\/20"}],"collection":[{"href":"https:\/\/flatsofdreams.at\/index.php?rest_route=\/wp\/v2\/pages"}],"about":[{"href":"https:\/\/flatsofdreams.at\/index.php?rest_route=\/wp\/v2\/types\/page"}],"author":[{"embeddable":true,"href":"https:\/\/flatsofdreams.at\/index.php?rest_route=\/wp\/v2\/users\/2"}],"replies":[{"embeddable":true,"href":"https:\/\/flatsofdreams.at\/index.php?rest_route=%2Fwp%2Fv2%2Fcomments&post=20"}],"version-history":[{"count":15,"href":"https:\/\/flatsofdreams.at\/index.php?rest_route=\/wp\/v2\/pages\/20\/revisions"}],"predecessor-version":[{"id":808,"href":"https:\/\/flatsofdreams.at\/index.php?rest_route=\/wp\/v2\/pages\/20\/revisions\/808"}],"wp:attachment":[{"href":"https:\/\/flatsofdreams.at\/index.php?rest_route=%2Fwp%2Fv2%2Fmedia&parent=20"}],"curies":[{"name":"wp","href":"https:\/\/api.w.org\/{rel}","templated":true}]}}