{"id":17,"date":"2021-10-22T18:45:27","date_gmt":"2021-10-22T18:45:27","guid":{"rendered":"https:\/\/flatsofdreams.at\/?page_id=17"},"modified":"2026-05-01T14:35:54","modified_gmt":"2026-05-01T14:35:54","slug":"ueber-mich","status":"publish","type":"page","link":"https:\/\/flatsofdreams.at\/?page_id=17","title":{"rendered":"\u00dcber mich\/About me"},"content":{"rendered":"\n<p><strong>Ein Leben ohne Flat-Coated Retriever? F\u00fcr mich unvorstellbar.<\/strong><\/p>\n\n\n\n<p>Meine Reise begann bereits im Alter von sechs Jahren, als unser erster Familienhund bei uns einzog. Schon damals war klar: Diese Rasse mit ihrem unvergleichlichen Wesen hat mein Herz im Sturm erobert.<\/p>\n\n\n\n<p>Der Wunsch nach einem eigenen Hund f\u00fchrte mich Jahre sp\u00e4ter quer durch das Land. Ich besuchte zahlreiche Ausstellungen und f\u00fchrte intensive Gespr\u00e4che mit Z\u00fcchtern, bis ich schlie\u00dflich auf zwei ganz besondere Hunde traf, die mich nicht mehr loslie\u00dfen. Nach einem Jahr voller Vorfreude war es 2012 endlich so weit: <strong>Cheyenne<\/strong> (<em>Gillian\u2019s Choice Cheyenne Maheo<\/em>) zog bei mir ein. Sie war meine Lehrmeisterin und hat meine Liebe zu dieser Rasse so sehr vertieft, dass in mir der Entschluss reifte, selbst zu z\u00fcchten.<\/p>\n\n\n\n<p>Heute brenne ich leidenschaftlich f\u00fcr die Zucht dieser vielseitigen Hunde. Mit meiner H\u00fcndin <strong>Amy<\/strong> (<em>Gillian\u2019s Choice That\u2019s Takoda<\/em>) verwirkliche ich nun das Ziel, gesunde und wesensstarke Flat-Coated Retriever aufzuziehen, die sowohl als Familienmitglieder als auch bei der Arbeit durch ihren Arbeitswillen und ihre Sanftm\u00fctigkeit gl\u00e4nzen.<\/p>\n\n\n\n<h3 class=\"wp-block-heading\">Was mich an dieser Rasse fasziniert<\/h3>\n\n\n\n<p>Ein Flat-Coated Retriever ist die perfekte Symbiose aus <strong>treuem Familienmitglied<\/strong> und <strong>passioniertem Arbeitshund<\/strong>. Ihr ausgepr\u00e4gter <em>&#8222;Will to Please&#8220;<\/em> macht sie zu Partnern, die alles f\u00fcr ihre Menschen tun w\u00fcrden. Jeden Tag lerne ich Neues von meinen &#8222;M\u00e4dels&#8220; und genie\u00dfe jede Minute, die wir gemeinsam verbringen.<\/p>\n\n\n\n<h3 class=\"wp-block-heading\">Aus Leidenschaft wurde Berufung<\/h3>\n\n\n\n<p>Die Liebe zu meinen Hunden hat mich auch dazu inspiriert, mich intensiv mit einer artgerechten Ern\u00e4hrung auseinanderzusetzen. Um auch anderen Tierbesitzern bei der Wahl des richtigen Futters zu helfen, habe ich den Schritt in die Selbstst\u00e4ndigkeit gewagt.<\/p>\n\n\n\n<p>In meinem Webshop unter <a href=\"https:\/\/www.pettys.at\/\" data-type=\"URL\" data-id=\"https:\/\/www.pettys.at\/\">www.pettys.at<\/a> findet ihr ausgew\u00e4hltes Hunde- und Katzenfutter sowie hochwertiges Zubeh\u00f6r, hinter dem ich zu 100 % stehe.<\/p>\n","protected":false},"excerpt":{"rendered":"<p>Ein Leben ohne Flat-Coated Retriever? F\u00fcr mich unvorstellbar. Meine Reise begann bereits im Alter von sechs Jahren, als unser erster Familienhund bei uns einzog. Schon damals war klar: Diese Rasse mit ihrem unvergleichlichen Wesen hat&hellip;<\/p>\n","protected":false},"author":2,"featured_media":0,"parent":0,"menu_order":6,"comment_status":"closed","ping_status":"closed","template":"","meta":{"footnotes":""},"_links":{"self":[{"href":"https:\/\/flatsofdreams.at\/index.php?rest_route=\/wp\/v2\/pages\/17"}],"collection":[{"href":"https:\/\/flatsofdreams.at\/index.php?rest_route=\/wp\/v2\/pages"}],"about":[{"href":"https:\/\/flatsofdreams.at\/index.php?rest_route=\/wp\/v2\/types\/page"}],"author":[{"embeddable":true,"href":"https:\/\/flatsofdreams.at\/index.php?rest_route=\/wp\/v2\/users\/2"}],"replies":[{"embeddable":true,"href":"https:\/\/flatsofdreams.at\/index.php?rest_route=%2Fwp%2Fv2%2Fcomments&post=17"}],"version-history":[{"count":8,"href":"https:\/\/flatsofdreams.at\/index.php?rest_route=\/wp\/v2\/pages\/17\/revisions"}],"predecessor-version":[{"id":799,"href":"https:\/\/flatsofdreams.at\/index.php?rest_route=\/wp\/v2\/pages\/17\/revisions\/799"}],"wp:attachment":[{"href":"https:\/\/flatsofdreams.at\/index.php?rest_route=%2Fwp%2Fv2%2Fmedia&parent=17"}],"curies":[{"name":"wp","href":"https:\/\/api.w.org\/{rel}","templated":true}]}}