{"id":118,"date":"2022-08-30T18:25:53","date_gmt":"2022-08-30T18:25:53","guid":{"rendered":"https:\/\/flatsofdreams.at\/?page_id=118"},"modified":"2026-05-01T14:50:47","modified_gmt":"2026-05-01T14:50:47","slug":"zucht-breeding","status":"publish","type":"page","link":"https:\/\/flatsofdreams.at\/?page_id=118","title":{"rendered":"Zucht\/Breeding"},"content":{"rendered":"\n<p>Die Aufzucht eines Wurfes ist f\u00fcr mich eine Herzensangelegenheit. Die intensive Zeit von der Geburt bis zum Auszug der Welpen genie\u00dfe ich jedes Mal aufs Neue in vollen Z\u00fcgen. Dabei ist es mir besonders wichtig, die zuk\u00fcnftigen Besitzer von Anfang an auf diese Reise mitzunehmen.<\/p>\n\n\n\n<p>Ab der vierten Lebenswoche \u00f6ffnen wir unsere T\u00fcren f\u00fcr Besuche. Ich lade die neuen Familien herzlich ein, die Kleinen so oft wie m\u00f6glich zu besuchen. Diese Zeit ist f\u00fcr mich sehr wertvoll: Ich genie\u00dfe es zu sehen, wie die Bindung zwischen Mensch und Hund entsteht, und nutze die gemeinsamen Stunden, um die zuk\u00fcnftigen Besitzer meiner Sch\u00fctzlinge noch besser kennenzulernen.<\/p>\n\n\n\n<p>In den acht Wochen bei mir legen wir den Grundstein f\u00fcr einen wesensstarken Begleiter. Die Kleinen lernen spielerisch:<\/p>\n\n\n\n<ul>\n<li><strong>Alltagsreize:<\/strong> Haushaltsger\u00e4usche, Kinderl\u00e4rm und verschiedene Umweltsituationen.<\/li>\n\n\n\n<li><strong>Mobilit\u00e4t:<\/strong> Erste kurze Autofahrten.<\/li>\n\n\n\n<li><strong>F\u00f6rderung:<\/strong> Sanfte Apportier\u00fcbungen f\u00fcr den rassetypischen \u201eWill to please\u201c.<\/li>\n\n\n\n<li><strong>Naturerlebnisse:<\/strong> Spazierg\u00e4nge und \u2013 bei passendem Wetter \u2013 erste Erfahrungen beim Schwimmen.<\/li>\n<\/ul>\n\n\n\n<p>Ich stehe euch bei allen Fragen vor und nach dem Einzug mit Rat und Tat zur Seite. Besonders wichtig ist mir der pers\u00f6nliche Kontakt auch nach der Abgabe: <strong>Die Ahnentafel bringe ich (sofern m\u00f6glich) pers\u00f6nlich in das neue Zuhause.<\/strong> So kann ich sehen, wie sich mein Sch\u00fctzling eingelebt hat, und wir k\u00f6nnen uns in Ruhe \u00fcber die ersten Fortschritte austauschen.<\/p>\n\n\n\n<hr class=\"wp-block-separator has-alpha-channel-opacity\"\/>\n\n\n\n<p>Wenn der gro\u00dfe Tag des Auszugs gekommen ist, reisen meine Welpen nicht mit leerem Gep\u00e4ck. Neben der gesundheitlichen Vorsorge (mehrfach entwurmt, geimpft, gechippt und gr\u00fcndlich untersucht) erh\u00e4lt jede Familie ein umfangreiches Startpaket:<\/p>\n\n\n\n<ul>\n<li><strong>Wissen &amp; Erfahrung:<\/strong> Eine Mappe mit Fakten \u00fcber den Flat-Coated Retriever, Tipps zur F\u00fctterung und Entwurmung, einer Liste \u00fcber giftige Stoffe sowie meine pers\u00f6nlichen Erfahrungen zu sanften Heilmitteln bei kleinen \u201eWehwehchen\u201c usw.<\/li>\n\n\n\n<li><strong>Dokumente:<\/strong> EU-Heimtierausweis, Wurfabnahmeprotokoll sowie die Gewichtstabelle. Die <strong>\u00d6RC\/\u00d6KV\/FCI-Ahnentafel<\/strong> folgt beim pers\u00f6nlichen Besuch.<\/li>\n\n\n\n<li><strong>Pers\u00f6nliche Geschenke:<\/strong> Damit der Start im neuen Heim besonders sch\u00f6n wird, packe ich liebevoll gestaltete Aufmerksamkeiten ein \u2013 meist etwas Personalisiertes wie eine Impfpassh\u00fclle, Hundet\u00fccher oder Kuscheldecken.<\/li>\n\n\n\n<li><strong>Verpflegung:<\/strong> Auf Wunsch gibt es das gewohnte Welpenfutter f\u00fcr die ersten Tage mit.<\/li>\n<\/ul>\n\n\n\n<p>Ich freue mich immer riesig, wenn ich durch Berichte und Bilder auch weiterhin an ihrem Lebensweg teilhaben darf!<\/p>\n\n\n\n<p>Gez\u00fcchtet wird unter dem \u00d6RC\/\u00d6KV\/FCI<\/p>\n\n\n\n<figure class=\"wp-block-gallery has-nested-images columns-default is-cropped wp-block-gallery-1 is-layout-flex wp-block-gallery-is-layout-flex\">\n<figure class=\"wp-block-image size-large\"><img loading=\"lazy\" decoding=\"async\" width=\"197\" height=\"198\" data-id=\"655\" src=\"https:\/\/flatsofdreams.at\/wp-content\/uploads\/2025\/08\/OERC-LOGO-5x5-1.jpg\" alt=\"\" class=\"wp-image-655\" srcset=\"https:\/\/flatsofdreams.at\/wp-content\/uploads\/2025\/08\/OERC-LOGO-5x5-1.jpg 197w, https:\/\/flatsofdreams.at\/wp-content\/uploads\/2025\/08\/OERC-LOGO-5x5-1-150x150.jpg 150w, https:\/\/flatsofdreams.at\/wp-content\/uploads\/2025\/08\/OERC-LOGO-5x5-1-70x70.jpg 70w\" sizes=\"(max-width: 197px) 100vw, 197px\" \/><\/figure>\n\n\n\n<figure class=\"wp-block-image size-large\"><img loading=\"lazy\" decoding=\"async\" width=\"111\" height=\"100\" data-id=\"654\" src=\"https:\/\/flatsofdreams.at\/wp-content\/uploads\/2025\/08\/OeKV.jpg\" alt=\"\" class=\"wp-image-654\"\/><\/figure>\n\n\n\n<figure class=\"wp-block-image size-large is-style-rounded\"><img loading=\"lazy\" decoding=\"async\" width=\"102\" height=\"100\" data-id=\"653\" src=\"https:\/\/flatsofdreams.at\/wp-content\/uploads\/2025\/08\/FCI.jpg\" alt=\"\" class=\"wp-image-653\" srcset=\"https:\/\/flatsofdreams.at\/wp-content\/uploads\/2025\/08\/FCI.jpg 102w, https:\/\/flatsofdreams.at\/wp-content\/uploads\/2025\/08\/FCI-70x70.jpg 70w\" sizes=\"(max-width: 102px) 100vw, 102px\" \/><\/figure>\n<\/figure>\n","protected":false},"excerpt":{"rendered":"<p>Die Aufzucht eines Wurfes ist f\u00fcr mich eine Herzensangelegenheit. Die intensive Zeit von der Geburt bis zum Auszug der Welpen genie\u00dfe ich jedes Mal aufs Neue in vollen Z\u00fcgen. Dabei ist es mir besonders wichtig,&hellip;<\/p>\n","protected":false},"author":2,"featured_media":0,"parent":0,"menu_order":0,"comment_status":"closed","ping_status":"closed","template":"","meta":{"footnotes":""},"_links":{"self":[{"href":"https:\/\/flatsofdreams.at\/index.php?rest_route=\/wp\/v2\/pages\/118"}],"collection":[{"href":"https:\/\/flatsofdreams.at\/index.php?rest_route=\/wp\/v2\/pages"}],"about":[{"href":"https:\/\/flatsofdreams.at\/index.php?rest_route=\/wp\/v2\/types\/page"}],"author":[{"embeddable":true,"href":"https:\/\/flatsofdreams.at\/index.php?rest_route=\/wp\/v2\/users\/2"}],"replies":[{"embeddable":true,"href":"https:\/\/flatsofdreams.at\/index.php?rest_route=%2Fwp%2Fv2%2Fcomments&post=118"}],"version-history":[{"count":9,"href":"https:\/\/flatsofdreams.at\/index.php?rest_route=\/wp\/v2\/pages\/118\/revisions"}],"predecessor-version":[{"id":801,"href":"https:\/\/flatsofdreams.at\/index.php?rest_route=\/wp\/v2\/pages\/118\/revisions\/801"}],"wp:attachment":[{"href":"https:\/\/flatsofdreams.at\/index.php?rest_route=%2Fwp%2Fv2%2Fmedia&parent=118"}],"curies":[{"name":"wp","href":"https:\/\/api.w.org\/{rel}","templated":true}]}}